{"id":11235,"date":"2025-06-30T22:03:43","date_gmt":"2025-06-30T20:03:43","guid":{"rendered":"https:\/\/ary.eu\/?page_id=11235"},"modified":"2025-07-01T07:12:10","modified_gmt":"2025-07-01T05:12:10","slug":"elisamorel","status":"publish","type":"page","link":"https:\/\/ary.eu\/index.php\/elisamorel\/","title":{"rendered":"ElisaMorel"},"content":{"rendered":"\t\t<div data-elementor-type=\"wp-page\" data-elementor-id=\"11235\" class=\"elementor elementor-11235\" data-elementor-post-type=\"page\">\n\t\t\t\t<div class=\"elementor-element elementor-element-ae09865 e-flex e-con-boxed e-con e-parent\" data-id=\"ae09865\" data-element_type=\"container\">\n\t\t\t\t\t<div class=\"e-con-inner\">\n\t\t\t\t<div class=\"elementor-element elementor-element-006cc31 elementor-widget elementor-widget-spacer\" data-id=\"006cc31\" data-element_type=\"widget\" data-widget_type=\"spacer.default\">\n\t\t\t\t<div class=\"elementor-widget-container\">\n\t\t\t\t\t\t\t<div class=\"elementor-spacer\">\n\t\t\t<div class=\"elementor-spacer-inner\"><\/div>\n\t\t<\/div>\n\t\t\t\t\t\t<\/div>\n\t\t\t\t<\/div>\n\t\t\t\t<div class=\"elementor-element elementor-element-85f9423 elementor-widget elementor-widget-link-in-bio\" data-id=\"85f9423\" data-element_type=\"widget\" data-widget_type=\"link-in-bio.default\">\n\t\t\t\t<div class=\"elementor-widget-container\">\n\t\t\t\t\t\t\t<div class=\"e-link-in-bio e-link-in-bio\">\n\t\t\t<div class=\"e-link-in-bio__content\">\n\n\t\t\t\t\t\t<div class=\"e-link-in-bio__identity\">\n\t\t\t\t\t\t\t\t\t<div class=\"e-link-in-bio__identity-image e-link-in-bio__identity-image-profile has-border has-style-circle\">\n\t\t\t\t\t\t\t<img decoding=\"async\" width=\"139\" height=\"300\" src=\"https:\/\/ary.eu\/wp-content\/uploads\/2025\/06\/IMG_8575-139x300.png\" class=\"e-link-in-bio__identity-image-element\" alt=\"\" srcset=\"https:\/\/ary.eu\/wp-content\/uploads\/2025\/06\/IMG_8575-139x300.png 139w, https:\/\/ary.eu\/wp-content\/uploads\/2025\/06\/IMG_8575-473x1024.png 473w, https:\/\/ary.eu\/wp-content\/uploads\/2025\/06\/IMG_8575-768x1662.png 768w, https:\/\/ary.eu\/wp-content\/uploads\/2025\/06\/IMG_8575-710x1536.png 710w, https:\/\/ary.eu\/wp-content\/uploads\/2025\/06\/IMG_8575.png 1170w\" sizes=\"(max-width: 139px) 100vw, 139px\" \/>\t\t\t\t\t\t\t\t\t\t\t\t\t<\/div>\n\t\t\t\t\t\t\t<\/div>\n\t\t\t\t\t<div class=\"e-link-in-bio__bio\">\n\t\t\t\t<h2 class=\"e-link-in-bio__heading\">Elisa Morel<\/h2>\t\t\t\t<h3 class=\"e-link-in-bio__title\">Fashion designer &amp; illustrator <\/h3>\t\t\t\t\t\t\t\t\t\t\t<\/div>\n\t\t\t\t\t<div class=\"e-link-in-bio__icons has-size-medium\">\n\t\t\t\t\t\t\t<div class=\"e-link-in-bio__icon is-size-medium\">\n\t\t\t\t\t<a href=\"https:\/\/www.instagram.com\/maison__me?igsh=Yzd5ZnNua3B2b2pj\" target=\"_blank\" rel=\"noopener \" aria-label=\"Instagram\" class=\"e-link-in-bio__icon-link\">\n\t\t\t\t\t\t<span class=\"e-link-in-bio__icon-svg\">\n\t\t\t\t\t\t\t<i aria-hidden=\"true\" class=\"fab fa-instagram\"><\/i>\t\t\t\t\t\t<\/span>\n\t\t\t\t\t\t\t\t\t\t\t<\/a>\n\t\t\t\t<\/div>\n\t\t\t\t\t<\/div>\n\t\t\n\t\t<div class=\"e-link-in-bio__ctas has-type-button\">\n\t\t\t\t\t\t\t<a href=\"https:\/\/ary.eu\/wp-content\/uploads\/2025\/06\/PORTEFOLIO-ELISA-MOREL-OK-.pdf\" class=\"e-link-in-bio__cta is-type-button has-border has-corners-rounded\">\n\t\t\t\t\t\t\t\t\t\t<span class=\"e-link-in-bio__cta-text\">\n\t\t\t\t\t\tPortefolio\t\t\t\t\t<\/span>\n\t\t\t\t<\/a>\n\t\t\t\t\t\t\t<a href=\"https:\/\/ary.eu\/wp-content\/uploads\/2025\/06\/elisamorel3.mp4\" class=\"e-link-in-bio__cta is-type-button has-border has-corners-rounded\">\n\t\t\t\t\t\t\t\t\t\t<span class=\"e-link-in-bio__cta-text\">\n\t\t\t\t\t\tVid\u00e9o\t\t\t\t\t<\/span>\n\t\t\t\t<\/a>\n\t\t\t\t\t<\/div>\n\t\t\n\t\t\t<\/div>\n\t\t\t<div class=\"e-link-in-bio__bg\">\n\t\t\t\t<div class=\"e-link-in-bio__bg-overlay\"><\/div>\n\t\t\t<\/div>\n\t\t<\/div>\n\t\t\t\t\t\t<\/div>\n\t\t\t\t<\/div>\n\t\t\t\t<div class=\"elementor-element elementor-element-f12b370 elementor-widget elementor-widget-spacer\" data-id=\"f12b370\" data-element_type=\"widget\" data-widget_type=\"spacer.default\">\n\t\t\t\t<div class=\"elementor-widget-container\">\n\t\t\t\t\t\t\t<div class=\"elementor-spacer\">\n\t\t\t<div class=\"elementor-spacer-inner\"><\/div>\n\t\t<\/div>\n\t\t\t\t\t\t<\/div>\n\t\t\t\t<\/div>\n\t\t\t\t\t<\/div>\n\t\t\t\t<\/div>\n\t\t\t\t<\/div>\n\t\t","protected":false},"excerpt":{"rendered":"<p>Elisa Morel Fashion designer &amp; illustrator Portefolio Vid\u00e9o<\/p>\n","protected":false},"author":1,"featured_media":0,"parent":0,"menu_order":0,"comment_status":"closed","ping_status":"closed","template":"elementor_canvas","meta":{"footnotes":""},"class_list":["post-11235","page","type-page","status-publish","hentry"],"yoast_head":"<!-- This site is optimized with the Yoast SEO plugin v26.8 - https:\/\/yoast.com\/product\/yoast-seo-wordpress\/ -->\n<title>ElisaMorel - Ary<\/title>\n<meta name=\"robots\" content=\"index, follow, max-snippet:-1, max-image-preview:large, max-video-preview:-1\" \/>\n<link rel=\"canonical\" href=\"https:\/\/ary.eu\/index.php\/elisamorel\/\" \/>\n<meta property=\"og:locale\" content=\"fr_FR\" \/>\n<meta property=\"og:type\" content=\"article\" \/>\n<meta property=\"og:title\" content=\"ElisaMorel - Ary\" \/>\n<meta property=\"og:description\" content=\"Elisa Morel Fashion designer &amp; illustrator Portefolio Vid\u00e9o\" \/>\n<meta property=\"og:url\" content=\"https:\/\/ary.eu\/index.php\/elisamorel\/\" \/>\n<meta property=\"og:site_name\" content=\"Ary\" \/>\n<meta property=\"article:modified_time\" content=\"2025-07-01T05:12:10+00:00\" \/>\n<meta property=\"og:image\" content=\"https:\/\/ary.eu\/wp-content\/uploads\/2025\/06\/IMG_8575-139x300.png\" \/>\n<meta name=\"twitter:card\" content=\"summary_large_image\" \/>\n<meta name=\"twitter:label1\" content=\"Dur\u00e9e de lecture estim\u00e9e\" \/>\n\t<meta name=\"twitter:data1\" content=\"1 minute\" \/>\n<script type=\"application\/ld+json\" class=\"yoast-schema-graph\">{\"@context\":\"https:\/\/schema.org\",\"@graph\":[{\"@type\":\"WebPage\",\"@id\":\"https:\/\/ary.eu\/index.php\/elisamorel\/\",\"url\":\"https:\/\/ary.eu\/index.php\/elisamorel\/\",\"name\":\"ElisaMorel - Ary\",\"isPartOf\":{\"@id\":\"https:\/\/ary.eu\/#website\"},\"primaryImageOfPage\":{\"@id\":\"https:\/\/ary.eu\/index.php\/elisamorel\/#primaryimage\"},\"image\":{\"@id\":\"https:\/\/ary.eu\/index.php\/elisamorel\/#primaryimage\"},\"thumbnailUrl\":\"https:\/\/ary.eu\/wp-content\/uploads\/2025\/06\/IMG_8575-139x300.png\",\"datePublished\":\"2025-06-30T20:03:43+00:00\",\"dateModified\":\"2025-07-01T05:12:10+00:00\",\"breadcrumb\":{\"@id\":\"https:\/\/ary.eu\/index.php\/elisamorel\/#breadcrumb\"},\"inLanguage\":\"fr-FR\",\"potentialAction\":[{\"@type\":\"ReadAction\",\"target\":[\"https:\/\/ary.eu\/index.php\/elisamorel\/\"]}]},{\"@type\":\"ImageObject\",\"inLanguage\":\"fr-FR\",\"@id\":\"https:\/\/ary.eu\/index.php\/elisamorel\/#primaryimage\",\"url\":\"https:\/\/ary.eu\/wp-content\/uploads\/2025\/06\/IMG_8575.png\",\"contentUrl\":\"https:\/\/ary.eu\/wp-content\/uploads\/2025\/06\/IMG_8575.png\",\"width\":1170,\"height\":2532},{\"@type\":\"BreadcrumbList\",\"@id\":\"https:\/\/ary.eu\/index.php\/elisamorel\/#breadcrumb\",\"itemListElement\":[{\"@type\":\"ListItem\",\"position\":1,\"name\":\"Accueil\",\"item\":\"https:\/\/ary.eu\/\"},{\"@type\":\"ListItem\",\"position\":2,\"name\":\"ElisaMorel\"}]},{\"@type\":\"WebSite\",\"@id\":\"https:\/\/ary.eu\/#website\",\"url\":\"https:\/\/ary.eu\/\",\"name\":\"Ary\",\"description\":\"Cr\u00e9ez un lien \u00e9motionnel avec vos clients, partout, \u00e0 tout moment\",\"publisher\":{\"@id\":\"https:\/\/ary.eu\/#organization\"},\"potentialAction\":[{\"@type\":\"SearchAction\",\"target\":{\"@type\":\"EntryPoint\",\"urlTemplate\":\"https:\/\/ary.eu\/?s={search_term_string}\"},\"query-input\":{\"@type\":\"PropertyValueSpecification\",\"valueRequired\":true,\"valueName\":\"search_term_string\"}}],\"inLanguage\":\"fr-FR\"},{\"@type\":\"Organization\",\"@id\":\"https:\/\/ary.eu\/#organization\",\"name\":\"Ary\",\"url\":\"https:\/\/ary.eu\/\",\"logo\":{\"@type\":\"ImageObject\",\"inLanguage\":\"fr-FR\",\"@id\":\"https:\/\/ary.eu\/#\/schema\/logo\/image\/\",\"url\":\"https:\/\/ary.eu\/wp-content\/uploads\/2022\/11\/cropped-icone_o.png\",\"contentUrl\":\"https:\/\/ary.eu\/wp-content\/uploads\/2022\/11\/cropped-icone_o.png\",\"width\":512,\"height\":512,\"caption\":\"Ary\"},\"image\":{\"@id\":\"https:\/\/ary.eu\/#\/schema\/logo\/image\/\"}}]}<\/script>\n<!-- \/ Yoast SEO plugin. -->","yoast_head_json":{"title":"ElisaMorel - Ary","robots":{"index":"index","follow":"follow","max-snippet":"max-snippet:-1","max-image-preview":"max-image-preview:large","max-video-preview":"max-video-preview:-1"},"canonical":"https:\/\/ary.eu\/index.php\/elisamorel\/","og_locale":"fr_FR","og_type":"article","og_title":"ElisaMorel - Ary","og_description":"Elisa Morel Fashion designer &amp; illustrator Portefolio Vid\u00e9o","og_url":"https:\/\/ary.eu\/index.php\/elisamorel\/","og_site_name":"Ary","article_modified_time":"2025-07-01T05:12:10+00:00","og_image":[{"url":"https:\/\/ary.eu\/wp-content\/uploads\/2025\/06\/IMG_8575-139x300.png","type":"","width":"","height":""}],"twitter_card":"summary_large_image","twitter_misc":{"Dur\u00e9e de lecture estim\u00e9e":"1 minute"},"schema":{"@context":"https:\/\/schema.org","@graph":[{"@type":"WebPage","@id":"https:\/\/ary.eu\/index.php\/elisamorel\/","url":"https:\/\/ary.eu\/index.php\/elisamorel\/","name":"ElisaMorel - Ary","isPartOf":{"@id":"https:\/\/ary.eu\/#website"},"primaryImageOfPage":{"@id":"https:\/\/ary.eu\/index.php\/elisamorel\/#primaryimage"},"image":{"@id":"https:\/\/ary.eu\/index.php\/elisamorel\/#primaryimage"},"thumbnailUrl":"https:\/\/ary.eu\/wp-content\/uploads\/2025\/06\/IMG_8575-139x300.png","datePublished":"2025-06-30T20:03:43+00:00","dateModified":"2025-07-01T05:12:10+00:00","breadcrumb":{"@id":"https:\/\/ary.eu\/index.php\/elisamorel\/#breadcrumb"},"inLanguage":"fr-FR","potentialAction":[{"@type":"ReadAction","target":["https:\/\/ary.eu\/index.php\/elisamorel\/"]}]},{"@type":"ImageObject","inLanguage":"fr-FR","@id":"https:\/\/ary.eu\/index.php\/elisamorel\/#primaryimage","url":"https:\/\/ary.eu\/wp-content\/uploads\/2025\/06\/IMG_8575.png","contentUrl":"https:\/\/ary.eu\/wp-content\/uploads\/2025\/06\/IMG_8575.png","width":1170,"height":2532},{"@type":"BreadcrumbList","@id":"https:\/\/ary.eu\/index.php\/elisamorel\/#breadcrumb","itemListElement":[{"@type":"ListItem","position":1,"name":"Accueil","item":"https:\/\/ary.eu\/"},{"@type":"ListItem","position":2,"name":"ElisaMorel"}]},{"@type":"WebSite","@id":"https:\/\/ary.eu\/#website","url":"https:\/\/ary.eu\/","name":"Ary","description":"Cr\u00e9ez un lien \u00e9motionnel avec vos clients, partout, \u00e0 tout moment","publisher":{"@id":"https:\/\/ary.eu\/#organization"},"potentialAction":[{"@type":"SearchAction","target":{"@type":"EntryPoint","urlTemplate":"https:\/\/ary.eu\/?s={search_term_string}"},"query-input":{"@type":"PropertyValueSpecification","valueRequired":true,"valueName":"search_term_string"}}],"inLanguage":"fr-FR"},{"@type":"Organization","@id":"https:\/\/ary.eu\/#organization","name":"Ary","url":"https:\/\/ary.eu\/","logo":{"@type":"ImageObject","inLanguage":"fr-FR","@id":"https:\/\/ary.eu\/#\/schema\/logo\/image\/","url":"https:\/\/ary.eu\/wp-content\/uploads\/2022\/11\/cropped-icone_o.png","contentUrl":"https:\/\/ary.eu\/wp-content\/uploads\/2022\/11\/cropped-icone_o.png","width":512,"height":512,"caption":"Ary"},"image":{"@id":"https:\/\/ary.eu\/#\/schema\/logo\/image\/"}}]}},"_links":{"self":[{"href":"https:\/\/ary.eu\/index.php\/wp-json\/wp\/v2\/pages\/11235","targetHints":{"allow":["GET"]}}],"collection":[{"href":"https:\/\/ary.eu\/index.php\/wp-json\/wp\/v2\/pages"}],"about":[{"href":"https:\/\/ary.eu\/index.php\/wp-json\/wp\/v2\/types\/page"}],"author":[{"embeddable":true,"href":"https:\/\/ary.eu\/index.php\/wp-json\/wp\/v2\/users\/1"}],"replies":[{"embeddable":true,"href":"https:\/\/ary.eu\/index.php\/wp-json\/wp\/v2\/comments?post=11235"}],"version-history":[{"count":28,"href":"https:\/\/ary.eu\/index.php\/wp-json\/wp\/v2\/pages\/11235\/revisions"}],"predecessor-version":[{"id":11272,"href":"https:\/\/ary.eu\/index.php\/wp-json\/wp\/v2\/pages\/11235\/revisions\/11272"}],"wp:attachment":[{"href":"https:\/\/ary.eu\/index.php\/wp-json\/wp\/v2\/media?parent=11235"}],"curies":[{"name":"wp","href":"https:\/\/api.w.org\/{rel}","templated":true}]}}