{"id":4678,"date":"2024-04-30T22:13:51","date_gmt":"2024-04-30T20:13:51","guid":{"rendered":"https:\/\/ary.eu\/?page_id=4678"},"modified":"2024-10-25T17:02:04","modified_gmt":"2024-10-25T15:02:04","slug":"confidentalite-cpi","status":"publish","type":"page","link":"https:\/\/ary.eu\/index.php\/confidentalite-cpi\/","title":{"rendered":"Confidentalit\u00e9 LV windows tracker"},"content":{"rendered":"\t\t<div data-elementor-type=\"wp-page\" data-elementor-id=\"4678\" class=\"elementor elementor-4678\" data-elementor-post-type=\"page\">\n\t\t\t\t<div class=\"elementor-element elementor-element-0d4ab09 e-flex e-con-boxed e-con e-parent\" data-id=\"0d4ab09\" data-element_type=\"container\">\n\t\t\t\t\t<div class=\"e-con-inner\">\n\t\t\t\t<div class=\"elementor-element elementor-element-c6f0a22 elementor-widget elementor-widget-spacer\" data-id=\"c6f0a22\" data-element_type=\"widget\" data-widget_type=\"spacer.default\">\n\t\t\t\t<div class=\"elementor-widget-container\">\n\t\t\t\t\t\t\t<div class=\"elementor-spacer\">\n\t\t\t<div class=\"elementor-spacer-inner\"><\/div>\n\t\t<\/div>\n\t\t\t\t\t\t<\/div>\n\t\t\t\t<\/div>\n\t\t\t\t<div class=\"elementor-element elementor-element-86c6a68 elementor-widget elementor-widget-text-editor\" data-id=\"86c6a68\" data-element_type=\"widget\" data-widget_type=\"text-editor.default\">\n\t\t\t\t<div class=\"elementor-widget-container\">\n\t\t\t\t\t\t\t\t\t<p><strong>App Editor:<\/strong> SAS ARY<\/p><p><strong>Phone Number (France):<\/strong> +33676925529<\/p><p><strong>Contact Email Address:<\/strong> <a rel=\"noopener\">support@ary.eu<\/a><\/p><p>Welcome to the privacy policy of Lv windows tracker. We are a company called ARY S.A.S. This policy explains how we collect and use data. These policies apply only to this application on iOS or Android devices and NOT to our other products, services, or businesses. If you have any concerns about this privacy policy, you should not use this application.<\/p><p>1- <strong>Age Requirements<\/strong><\/p><p>The required age to use our application is 18 years.<\/p><p>2- <strong>Why Do We Collect Data?<\/strong><\/p><p>Like most other app publishers, Ary SAS needs to conduct research and development, analysis, and marketing tasks. Here we explain the reasons why we and our partners may collect data:<\/p><ul><li>Internal analysis and reporting,<\/li><li>Customer service,<\/li><li>User acquisition,<\/li><li>Advertising and direct marketing,<\/li><li>Detection\/protection against security events, fraud prevention, and policy abuse,<\/li><li>Compliance with legal and regulatory obligations.<\/li><\/ul><p>3- <strong>Data That May Be Collected<\/strong><\/p><p><strong>App Usage<\/strong><\/p><p>Examples: actions within the app, session durations, usage frequency&#8230; This data is generally analyzed through aggregated reports.<\/p><p><strong>Messages<\/strong><\/p><p>If you contact us, for example by email or through our social media channels, we may keep a record of that correspondence.<\/p><p>4- <strong>Personal Information Collected in the Last 12 Months<\/strong><\/p><p><strong>Categories of Personal Information<\/strong><\/p><ul><li>Identifiers (Username), Email<\/li><li>Optional: We collect first and last names solely for personalization purposes.<\/li><\/ul><p>Our in-app analytics tracker, Directly from users through email or social media communications, Temporary logs from the web hosting service.<\/p><p>10- <strong>Changes to Our Privacy Policy and Practices<\/strong><\/p><p>We will post any changes to the privacy policy on this web page, and the revised version will be effective upon posting. If you are concerned about how your information is used, please bookmark this page and periodically review this privacy policy. From time to time, we may wish to use or disclose personal information for purposes not previously disclosed in our privacy policy. If our practices change regarding previously collected information in a manner substantially less restrictive than stated in the version of this privacy policy effective at the time of collection, we will make reasonable efforts to provide notice and obtain consent prior to such uses, as may be required by law.<\/p>\t\t\t\t\t\t\t\t<\/div>\n\t\t\t\t<\/div>\n\t\t\t\t\t<\/div>\n\t\t\t\t<\/div>\n\t\t\t\t<\/div>\n\t\t","protected":false},"excerpt":{"rendered":"<p>App Editor: SAS ARY Phone Number (France): +33676925529 Contact Email Address: support@ary.eu Welcome to the privacy policy of Lv windows tracker. We are a company called ARY S.A.S. This policy explains how we collect and use data. These policies apply only to this application on iOS or Android devices and [&hellip;]<\/p>\n","protected":false},"author":1,"featured_media":0,"parent":0,"menu_order":0,"comment_status":"closed","ping_status":"closed","template":"","meta":{"footnotes":""},"class_list":["post-4678","page","type-page","status-publish","hentry"],"yoast_head":"<!-- This site is optimized with the Yoast SEO plugin v26.8 - https:\/\/yoast.com\/product\/yoast-seo-wordpress\/ -->\n<title>Confidentalit\u00e9 LV windows tracker - Ary<\/title>\n<meta name=\"robots\" content=\"index, follow, max-snippet:-1, max-image-preview:large, max-video-preview:-1\" \/>\n<link rel=\"canonical\" href=\"https:\/\/ary.eu\/index.php\/confidentalite-cpi\/\" \/>\n<meta property=\"og:locale\" content=\"fr_FR\" \/>\n<meta property=\"og:type\" content=\"article\" \/>\n<meta property=\"og:title\" content=\"Confidentalit\u00e9 LV windows tracker - Ary\" \/>\n<meta property=\"og:description\" content=\"App Editor: SAS ARY Phone Number (France): +33676925529 Contact Email Address: support@ary.eu Welcome to the privacy policy of Lv windows tracker. We are a company called ARY S.A.S. This policy explains how we collect and use data. These policies apply only to this application on iOS or Android devices and [&hellip;]\" \/>\n<meta property=\"og:url\" content=\"https:\/\/ary.eu\/index.php\/confidentalite-cpi\/\" \/>\n<meta property=\"og:site_name\" content=\"Ary\" \/>\n<meta property=\"article:modified_time\" content=\"2024-10-25T15:02:04+00:00\" \/>\n<meta name=\"twitter:card\" content=\"summary_large_image\" \/>\n<meta name=\"twitter:label1\" content=\"Dur\u00e9e de lecture estim\u00e9e\" \/>\n\t<meta name=\"twitter:data1\" content=\"2 minutes\" \/>\n<script type=\"application\/ld+json\" class=\"yoast-schema-graph\">{\"@context\":\"https:\/\/schema.org\",\"@graph\":[{\"@type\":\"WebPage\",\"@id\":\"https:\/\/ary.eu\/index.php\/confidentalite-cpi\/\",\"url\":\"https:\/\/ary.eu\/index.php\/confidentalite-cpi\/\",\"name\":\"Confidentalit\u00e9 LV windows tracker - Ary\",\"isPartOf\":{\"@id\":\"https:\/\/ary.eu\/#website\"},\"datePublished\":\"2024-04-30T20:13:51+00:00\",\"dateModified\":\"2024-10-25T15:02:04+00:00\",\"breadcrumb\":{\"@id\":\"https:\/\/ary.eu\/index.php\/confidentalite-cpi\/#breadcrumb\"},\"inLanguage\":\"fr-FR\",\"potentialAction\":[{\"@type\":\"ReadAction\",\"target\":[\"https:\/\/ary.eu\/index.php\/confidentalite-cpi\/\"]}]},{\"@type\":\"BreadcrumbList\",\"@id\":\"https:\/\/ary.eu\/index.php\/confidentalite-cpi\/#breadcrumb\",\"itemListElement\":[{\"@type\":\"ListItem\",\"position\":1,\"name\":\"Accueil\",\"item\":\"https:\/\/ary.eu\/\"},{\"@type\":\"ListItem\",\"position\":2,\"name\":\"Confidentalit\u00e9 LV windows tracker\"}]},{\"@type\":\"WebSite\",\"@id\":\"https:\/\/ary.eu\/#website\",\"url\":\"https:\/\/ary.eu\/\",\"name\":\"Ary\",\"description\":\"Cr\u00e9ez un lien \u00e9motionnel avec vos clients, partout, \u00e0 tout moment\",\"publisher\":{\"@id\":\"https:\/\/ary.eu\/#organization\"},\"potentialAction\":[{\"@type\":\"SearchAction\",\"target\":{\"@type\":\"EntryPoint\",\"urlTemplate\":\"https:\/\/ary.eu\/?s={search_term_string}\"},\"query-input\":{\"@type\":\"PropertyValueSpecification\",\"valueRequired\":true,\"valueName\":\"search_term_string\"}}],\"inLanguage\":\"fr-FR\"},{\"@type\":\"Organization\",\"@id\":\"https:\/\/ary.eu\/#organization\",\"name\":\"Ary\",\"url\":\"https:\/\/ary.eu\/\",\"logo\":{\"@type\":\"ImageObject\",\"inLanguage\":\"fr-FR\",\"@id\":\"https:\/\/ary.eu\/#\/schema\/logo\/image\/\",\"url\":\"https:\/\/ary.eu\/wp-content\/uploads\/2022\/11\/cropped-icone_o.png\",\"contentUrl\":\"https:\/\/ary.eu\/wp-content\/uploads\/2022\/11\/cropped-icone_o.png\",\"width\":512,\"height\":512,\"caption\":\"Ary\"},\"image\":{\"@id\":\"https:\/\/ary.eu\/#\/schema\/logo\/image\/\"}}]}<\/script>\n<!-- \/ Yoast SEO plugin. -->","yoast_head_json":{"title":"Confidentalit\u00e9 LV windows tracker - Ary","robots":{"index":"index","follow":"follow","max-snippet":"max-snippet:-1","max-image-preview":"max-image-preview:large","max-video-preview":"max-video-preview:-1"},"canonical":"https:\/\/ary.eu\/index.php\/confidentalite-cpi\/","og_locale":"fr_FR","og_type":"article","og_title":"Confidentalit\u00e9 LV windows tracker - Ary","og_description":"App Editor: SAS ARY Phone Number (France): +33676925529 Contact Email Address: support@ary.eu Welcome to the privacy policy of Lv windows tracker. We are a company called ARY S.A.S. This policy explains how we collect and use data. These policies apply only to this application on iOS or Android devices and [&hellip;]","og_url":"https:\/\/ary.eu\/index.php\/confidentalite-cpi\/","og_site_name":"Ary","article_modified_time":"2024-10-25T15:02:04+00:00","twitter_card":"summary_large_image","twitter_misc":{"Dur\u00e9e de lecture estim\u00e9e":"2 minutes"},"schema":{"@context":"https:\/\/schema.org","@graph":[{"@type":"WebPage","@id":"https:\/\/ary.eu\/index.php\/confidentalite-cpi\/","url":"https:\/\/ary.eu\/index.php\/confidentalite-cpi\/","name":"Confidentalit\u00e9 LV windows tracker - Ary","isPartOf":{"@id":"https:\/\/ary.eu\/#website"},"datePublished":"2024-04-30T20:13:51+00:00","dateModified":"2024-10-25T15:02:04+00:00","breadcrumb":{"@id":"https:\/\/ary.eu\/index.php\/confidentalite-cpi\/#breadcrumb"},"inLanguage":"fr-FR","potentialAction":[{"@type":"ReadAction","target":["https:\/\/ary.eu\/index.php\/confidentalite-cpi\/"]}]},{"@type":"BreadcrumbList","@id":"https:\/\/ary.eu\/index.php\/confidentalite-cpi\/#breadcrumb","itemListElement":[{"@type":"ListItem","position":1,"name":"Accueil","item":"https:\/\/ary.eu\/"},{"@type":"ListItem","position":2,"name":"Confidentalit\u00e9 LV windows tracker"}]},{"@type":"WebSite","@id":"https:\/\/ary.eu\/#website","url":"https:\/\/ary.eu\/","name":"Ary","description":"Cr\u00e9ez un lien \u00e9motionnel avec vos clients, partout, \u00e0 tout moment","publisher":{"@id":"https:\/\/ary.eu\/#organization"},"potentialAction":[{"@type":"SearchAction","target":{"@type":"EntryPoint","urlTemplate":"https:\/\/ary.eu\/?s={search_term_string}"},"query-input":{"@type":"PropertyValueSpecification","valueRequired":true,"valueName":"search_term_string"}}],"inLanguage":"fr-FR"},{"@type":"Organization","@id":"https:\/\/ary.eu\/#organization","name":"Ary","url":"https:\/\/ary.eu\/","logo":{"@type":"ImageObject","inLanguage":"fr-FR","@id":"https:\/\/ary.eu\/#\/schema\/logo\/image\/","url":"https:\/\/ary.eu\/wp-content\/uploads\/2022\/11\/cropped-icone_o.png","contentUrl":"https:\/\/ary.eu\/wp-content\/uploads\/2022\/11\/cropped-icone_o.png","width":512,"height":512,"caption":"Ary"},"image":{"@id":"https:\/\/ary.eu\/#\/schema\/logo\/image\/"}}]}},"_links":{"self":[{"href":"https:\/\/ary.eu\/index.php\/wp-json\/wp\/v2\/pages\/4678","targetHints":{"allow":["GET"]}}],"collection":[{"href":"https:\/\/ary.eu\/index.php\/wp-json\/wp\/v2\/pages"}],"about":[{"href":"https:\/\/ary.eu\/index.php\/wp-json\/wp\/v2\/types\/page"}],"author":[{"embeddable":true,"href":"https:\/\/ary.eu\/index.php\/wp-json\/wp\/v2\/users\/1"}],"replies":[{"embeddable":true,"href":"https:\/\/ary.eu\/index.php\/wp-json\/wp\/v2\/comments?post=4678"}],"version-history":[{"count":34,"href":"https:\/\/ary.eu\/index.php\/wp-json\/wp\/v2\/pages\/4678\/revisions"}],"predecessor-version":[{"id":5128,"href":"https:\/\/ary.eu\/index.php\/wp-json\/wp\/v2\/pages\/4678\/revisions\/5128"}],"wp:attachment":[{"href":"https:\/\/ary.eu\/index.php\/wp-json\/wp\/v2\/media?parent=4678"}],"curies":[{"name":"wp","href":"https:\/\/api.w.org\/{rel}","templated":true}]}}