{"id":8447,"date":"2025-03-07T09:00:30","date_gmt":"2025-03-07T08:00:30","guid":{"rendered":"https:\/\/ary.eu\/?page_id=8447"},"modified":"2025-03-10T21:40:32","modified_gmt":"2025-03-10T20:40:32","slug":"animorial","status":"publish","type":"page","link":"https:\/\/ary.eu\/index.php\/animorial\/","title":{"rendered":"Animorial"},"content":{"rendered":"\t\t<div data-elementor-type=\"wp-page\" data-elementor-id=\"8447\" class=\"elementor elementor-8447\" data-elementor-post-type=\"page\">\n\t\t\t\t<div class=\"elementor-element elementor-element-a71ebf4 e-flex e-con-boxed e-con e-parent\" data-id=\"a71ebf4\" data-element_type=\"container\">\n\t\t\t\t\t<div class=\"e-con-inner\">\n\t\t\t\t<div class=\"elementor-element elementor-element-83554d9 elementor-widget elementor-widget-link-in-bio\" data-id=\"83554d9\" data-element_type=\"widget\" data-widget_type=\"link-in-bio.default\">\n\t\t\t\t<div class=\"elementor-widget-container\">\n\t\t\t\t\t\t\t<div class=\"e-link-in-bio e-link-in-bio\">\n\t\t\t<div class=\"e-link-in-bio__content\">\n\n\t\t\t\t\t\t<div class=\"e-link-in-bio__identity\">\n\t\t\t\t\t\t\t\t\t<div class=\"e-link-in-bio__identity-image e-link-in-bio__identity-image-profile has-style-circle\">\n\t\t\t\t\t\t\t<img fetchpriority=\"high\" decoding=\"async\" width=\"300\" height=\"269\" src=\"https:\/\/ary.eu\/wp-content\/uploads\/2025\/03\/Afficher-les-photos-recentes-4-300x269.jpeg\" class=\"e-link-in-bio__identity-image-element\" alt=\"\" srcset=\"https:\/\/ary.eu\/wp-content\/uploads\/2025\/03\/Afficher-les-photos-recentes-4-300x269.jpeg 300w, https:\/\/ary.eu\/wp-content\/uploads\/2025\/03\/Afficher-les-photos-recentes-4-1024x917.jpeg 1024w, https:\/\/ary.eu\/wp-content\/uploads\/2025\/03\/Afficher-les-photos-recentes-4-768x688.jpeg 768w, https:\/\/ary.eu\/wp-content\/uploads\/2025\/03\/Afficher-les-photos-recentes-4-1000x896.jpeg 1000w, https:\/\/ary.eu\/wp-content\/uploads\/2025\/03\/Afficher-les-photos-recentes-4-625x560.jpeg 625w, https:\/\/ary.eu\/wp-content\/uploads\/2025\/03\/Afficher-les-photos-recentes-4-600x537.jpeg 600w, https:\/\/ary.eu\/wp-content\/uploads\/2025\/03\/Afficher-les-photos-recentes-4.jpeg 1170w\" sizes=\"(max-width: 300px) 100vw, 300px\" \/>\t\t\t\t\t\t\t\t\t\t\t\t\t<\/div>\n\t\t\t\t\t\t\t<\/div>\n\t\t\t\t\t<div class=\"e-link-in-bio__bio\">\n\t\t\t\t<h2 class=\"e-link-in-bio__heading\">Comete<\/h2>\t\t\t\t<h3 class=\"e-link-in-bio__title\">Com\u00e8te tu seras avec nous pour toujours <\/h3>\t\t\t\t\t\t\t\t<p class=\"e-link-in-bio__description\">en hommage pour toi<\/p>\t\t\t<\/div>\n\t\t\t\t\t<div class=\"e-link-in-bio__icons has-size-medium\">\n\t\t\t\t\t\t\t<div class=\"e-link-in-bio__icon is-size-medium\">\n\t\t\t\t\t<a aria-label=\"Email\" class=\"e-link-in-bio__icon-link\" href=\"mailto:support@ary.eu?subject=Question%20sur%20Elia\">\n\t\t\t\t\t\t<span class=\"e-link-in-bio__icon-svg\">\n\t\t\t\t\t\t\t<i aria-hidden=\"true\" class=\"fas fa-envelope\"><\/i>\t\t\t\t\t\t<\/span>\n\t\t\t\t\t\t\t\t\t\t\t<\/a>\n\t\t\t\t<\/div>\n\t\t\t\t\t\t\t<div class=\"e-link-in-bio__icon is-size-medium\">\n\t\t\t\t\t<a href=\"https:\/\/www.facebook.com\/share\/19txa6cay7\/?mibextid=wwXIfr\" target=\"_blank\" rel=\"noopener \" aria-label=\"Facebook\" class=\"e-link-in-bio__icon-link\">\n\t\t\t\t\t\t<span class=\"e-link-in-bio__icon-svg\">\n\t\t\t\t\t\t\t<i aria-hidden=\"true\" class=\"fab fa-facebook\"><\/i>\t\t\t\t\t\t<\/span>\n\t\t\t\t\t\t\t\t\t\t\t<\/a>\n\t\t\t\t<\/div>\n\t\t\t\t\t\t\t<div class=\"e-link-in-bio__icon is-size-medium\">\n\t\t\t\t\t<a href=\"https:\/\/www.instagram.com\/lepalofficiel?igsh=bWJwNGZ6Y2U1YnYy\" target=\"_blank\" rel=\"noopener \" aria-label=\"Instagram\" class=\"e-link-in-bio__icon-link\">\n\t\t\t\t\t\t<span class=\"e-link-in-bio__icon-svg\">\n\t\t\t\t\t\t\t<i aria-hidden=\"true\" class=\"fab fa-instagram\"><\/i>\t\t\t\t\t\t<\/span>\n\t\t\t\t\t\t\t\t\t\t\t<\/a>\n\t\t\t\t<\/div>\n\t\t\t\t\t<\/div>\n\t\t\n\t\t<div class=\"e-link-in-bio__ctas has-type-button\">\n\t\t\t\t\t\t\t<a href=\"https:\/\/ary.eu\/wp-content\/uploads\/2025\/03\/episode-5-zoo-academie-le-pal.mp4\" class=\"e-link-in-bio__cta is-type-button has-corners-rounded\">\n\t\t\t\t\t\t\t\t\t\t<span class=\"e-link-in-bio__cta-text\">\n\t\t\t\t\t\tAnimorial\t\t\t\t\t<\/span>\n\t\t\t\t<\/a>\n\t\t\t\t\t\t\t<a href=\"https:\/\/ary.eu\/wp-content\/uploads\/2025\/03\/Capture-decran-2025-03-05-a-08.34.34.png\" class=\"e-link-in-bio__cta is-type-button has-corners-rounded\">\n\t\t\t\t\t\t\t\t\t\t<span class=\"e-link-in-bio__cta-text\">\n\t\t\t\t\t\tMa video de mon animal\t\t\t\t\t<\/span>\n\t\t\t\t<\/a>\n\t\t\t\t\t<\/div>\n\t\t\n\t\t\t<\/div>\n\t\t\t<div class=\"e-link-in-bio__bg\">\n\t\t\t\t<div class=\"e-link-in-bio__bg-overlay\"><\/div>\n\t\t\t<\/div>\n\t\t<\/div>\n\t\t\t\t\t\t<\/div>\n\t\t\t\t<\/div>\n\t\t\t\t\t<\/div>\n\t\t\t\t<\/div>\n\t\t\t\t<\/div>\n\t\t","protected":false},"excerpt":{"rendered":"<p>Comete Com\u00e8te tu seras avec nous pour toujours en hommage pour toi Animorial Ma video de mon animal<\/p>\n","protected":false},"author":1,"featured_media":0,"parent":0,"menu_order":0,"comment_status":"closed","ping_status":"closed","template":"elementor_canvas","meta":{"footnotes":""},"class_list":["post-8447","page","type-page","status-publish","hentry"],"yoast_head":"<!-- This site is optimized with the Yoast SEO plugin v26.8 - https:\/\/yoast.com\/product\/yoast-seo-wordpress\/ -->\n<title>Animorial - Ary<\/title>\n<meta name=\"robots\" content=\"index, follow, max-snippet:-1, max-image-preview:large, max-video-preview:-1\" \/>\n<link rel=\"canonical\" href=\"https:\/\/ary.eu\/index.php\/animorial\/\" \/>\n<meta property=\"og:locale\" content=\"fr_FR\" \/>\n<meta property=\"og:type\" content=\"article\" \/>\n<meta property=\"og:title\" content=\"Animorial - Ary\" \/>\n<meta property=\"og:description\" content=\"Comete Com\u00e8te tu seras avec nous pour toujours en hommage pour toi Animorial Ma video de mon animal\" \/>\n<meta property=\"og:url\" content=\"https:\/\/ary.eu\/index.php\/animorial\/\" \/>\n<meta property=\"og:site_name\" content=\"Ary\" \/>\n<meta property=\"article:modified_time\" content=\"2025-03-10T20:40:32+00:00\" \/>\n<meta property=\"og:image\" content=\"https:\/\/ary.eu\/wp-content\/uploads\/2025\/03\/Afficher-les-photos-recentes-4-300x269.jpeg\" \/>\n<meta name=\"twitter:card\" content=\"summary_large_image\" \/>\n<meta name=\"twitter:label1\" content=\"Dur\u00e9e de lecture estim\u00e9e\" \/>\n\t<meta name=\"twitter:data1\" content=\"1 minute\" \/>\n<script type=\"application\/ld+json\" class=\"yoast-schema-graph\">{\"@context\":\"https:\/\/schema.org\",\"@graph\":[{\"@type\":\"WebPage\",\"@id\":\"https:\/\/ary.eu\/index.php\/animorial\/\",\"url\":\"https:\/\/ary.eu\/index.php\/animorial\/\",\"name\":\"Animorial - Ary\",\"isPartOf\":{\"@id\":\"https:\/\/ary.eu\/#website\"},\"primaryImageOfPage\":{\"@id\":\"https:\/\/ary.eu\/index.php\/animorial\/#primaryimage\"},\"image\":{\"@id\":\"https:\/\/ary.eu\/index.php\/animorial\/#primaryimage\"},\"thumbnailUrl\":\"https:\/\/ary.eu\/wp-content\/uploads\/2025\/03\/Afficher-les-photos-recentes-4-300x269.jpeg\",\"datePublished\":\"2025-03-07T08:00:30+00:00\",\"dateModified\":\"2025-03-10T20:40:32+00:00\",\"breadcrumb\":{\"@id\":\"https:\/\/ary.eu\/index.php\/animorial\/#breadcrumb\"},\"inLanguage\":\"fr-FR\",\"potentialAction\":[{\"@type\":\"ReadAction\",\"target\":[\"https:\/\/ary.eu\/index.php\/animorial\/\"]}]},{\"@type\":\"ImageObject\",\"inLanguage\":\"fr-FR\",\"@id\":\"https:\/\/ary.eu\/index.php\/animorial\/#primaryimage\",\"url\":\"https:\/\/ary.eu\/wp-content\/uploads\/2025\/03\/Afficher-les-photos-recentes-4-300x269.jpeg\",\"contentUrl\":\"https:\/\/ary.eu\/wp-content\/uploads\/2025\/03\/Afficher-les-photos-recentes-4-300x269.jpeg\"},{\"@type\":\"BreadcrumbList\",\"@id\":\"https:\/\/ary.eu\/index.php\/animorial\/#breadcrumb\",\"itemListElement\":[{\"@type\":\"ListItem\",\"position\":1,\"name\":\"Accueil\",\"item\":\"https:\/\/ary.eu\/\"},{\"@type\":\"ListItem\",\"position\":2,\"name\":\"Animorial\"}]},{\"@type\":\"WebSite\",\"@id\":\"https:\/\/ary.eu\/#website\",\"url\":\"https:\/\/ary.eu\/\",\"name\":\"Ary\",\"description\":\"Cr\u00e9ez un lien \u00e9motionnel avec vos clients, partout, \u00e0 tout moment\",\"publisher\":{\"@id\":\"https:\/\/ary.eu\/#organization\"},\"potentialAction\":[{\"@type\":\"SearchAction\",\"target\":{\"@type\":\"EntryPoint\",\"urlTemplate\":\"https:\/\/ary.eu\/?s={search_term_string}\"},\"query-input\":{\"@type\":\"PropertyValueSpecification\",\"valueRequired\":true,\"valueName\":\"search_term_string\"}}],\"inLanguage\":\"fr-FR\"},{\"@type\":\"Organization\",\"@id\":\"https:\/\/ary.eu\/#organization\",\"name\":\"Ary\",\"url\":\"https:\/\/ary.eu\/\",\"logo\":{\"@type\":\"ImageObject\",\"inLanguage\":\"fr-FR\",\"@id\":\"https:\/\/ary.eu\/#\/schema\/logo\/image\/\",\"url\":\"https:\/\/ary.eu\/wp-content\/uploads\/2022\/11\/cropped-icone_o.png\",\"contentUrl\":\"https:\/\/ary.eu\/wp-content\/uploads\/2022\/11\/cropped-icone_o.png\",\"width\":512,\"height\":512,\"caption\":\"Ary\"},\"image\":{\"@id\":\"https:\/\/ary.eu\/#\/schema\/logo\/image\/\"}}]}<\/script>\n<!-- \/ Yoast SEO plugin. -->","yoast_head_json":{"title":"Animorial - Ary","robots":{"index":"index","follow":"follow","max-snippet":"max-snippet:-1","max-image-preview":"max-image-preview:large","max-video-preview":"max-video-preview:-1"},"canonical":"https:\/\/ary.eu\/index.php\/animorial\/","og_locale":"fr_FR","og_type":"article","og_title":"Animorial - Ary","og_description":"Comete Com\u00e8te tu seras avec nous pour toujours en hommage pour toi Animorial Ma video de mon animal","og_url":"https:\/\/ary.eu\/index.php\/animorial\/","og_site_name":"Ary","article_modified_time":"2025-03-10T20:40:32+00:00","og_image":[{"url":"https:\/\/ary.eu\/wp-content\/uploads\/2025\/03\/Afficher-les-photos-recentes-4-300x269.jpeg","type":"","width":"","height":""}],"twitter_card":"summary_large_image","twitter_misc":{"Dur\u00e9e de lecture estim\u00e9e":"1 minute"},"schema":{"@context":"https:\/\/schema.org","@graph":[{"@type":"WebPage","@id":"https:\/\/ary.eu\/index.php\/animorial\/","url":"https:\/\/ary.eu\/index.php\/animorial\/","name":"Animorial - Ary","isPartOf":{"@id":"https:\/\/ary.eu\/#website"},"primaryImageOfPage":{"@id":"https:\/\/ary.eu\/index.php\/animorial\/#primaryimage"},"image":{"@id":"https:\/\/ary.eu\/index.php\/animorial\/#primaryimage"},"thumbnailUrl":"https:\/\/ary.eu\/wp-content\/uploads\/2025\/03\/Afficher-les-photos-recentes-4-300x269.jpeg","datePublished":"2025-03-07T08:00:30+00:00","dateModified":"2025-03-10T20:40:32+00:00","breadcrumb":{"@id":"https:\/\/ary.eu\/index.php\/animorial\/#breadcrumb"},"inLanguage":"fr-FR","potentialAction":[{"@type":"ReadAction","target":["https:\/\/ary.eu\/index.php\/animorial\/"]}]},{"@type":"ImageObject","inLanguage":"fr-FR","@id":"https:\/\/ary.eu\/index.php\/animorial\/#primaryimage","url":"https:\/\/ary.eu\/wp-content\/uploads\/2025\/03\/Afficher-les-photos-recentes-4-300x269.jpeg","contentUrl":"https:\/\/ary.eu\/wp-content\/uploads\/2025\/03\/Afficher-les-photos-recentes-4-300x269.jpeg"},{"@type":"BreadcrumbList","@id":"https:\/\/ary.eu\/index.php\/animorial\/#breadcrumb","itemListElement":[{"@type":"ListItem","position":1,"name":"Accueil","item":"https:\/\/ary.eu\/"},{"@type":"ListItem","position":2,"name":"Animorial"}]},{"@type":"WebSite","@id":"https:\/\/ary.eu\/#website","url":"https:\/\/ary.eu\/","name":"Ary","description":"Cr\u00e9ez un lien \u00e9motionnel avec vos clients, partout, \u00e0 tout moment","publisher":{"@id":"https:\/\/ary.eu\/#organization"},"potentialAction":[{"@type":"SearchAction","target":{"@type":"EntryPoint","urlTemplate":"https:\/\/ary.eu\/?s={search_term_string}"},"query-input":{"@type":"PropertyValueSpecification","valueRequired":true,"valueName":"search_term_string"}}],"inLanguage":"fr-FR"},{"@type":"Organization","@id":"https:\/\/ary.eu\/#organization","name":"Ary","url":"https:\/\/ary.eu\/","logo":{"@type":"ImageObject","inLanguage":"fr-FR","@id":"https:\/\/ary.eu\/#\/schema\/logo\/image\/","url":"https:\/\/ary.eu\/wp-content\/uploads\/2022\/11\/cropped-icone_o.png","contentUrl":"https:\/\/ary.eu\/wp-content\/uploads\/2022\/11\/cropped-icone_o.png","width":512,"height":512,"caption":"Ary"},"image":{"@id":"https:\/\/ary.eu\/#\/schema\/logo\/image\/"}}]}},"_links":{"self":[{"href":"https:\/\/ary.eu\/index.php\/wp-json\/wp\/v2\/pages\/8447","targetHints":{"allow":["GET"]}}],"collection":[{"href":"https:\/\/ary.eu\/index.php\/wp-json\/wp\/v2\/pages"}],"about":[{"href":"https:\/\/ary.eu\/index.php\/wp-json\/wp\/v2\/types\/page"}],"author":[{"embeddable":true,"href":"https:\/\/ary.eu\/index.php\/wp-json\/wp\/v2\/users\/1"}],"replies":[{"embeddable":true,"href":"https:\/\/ary.eu\/index.php\/wp-json\/wp\/v2\/comments?post=8447"}],"version-history":[{"count":10,"href":"https:\/\/ary.eu\/index.php\/wp-json\/wp\/v2\/pages\/8447\/revisions"}],"predecessor-version":[{"id":8749,"href":"https:\/\/ary.eu\/index.php\/wp-json\/wp\/v2\/pages\/8447\/revisions\/8749"}],"wp:attachment":[{"href":"https:\/\/ary.eu\/index.php\/wp-json\/wp\/v2\/media?parent=8447"}],"curies":[{"name":"wp","href":"https:\/\/api.w.org\/{rel}","templated":true}]}}