{"id":9354,"date":"2025-03-21T17:16:50","date_gmt":"2025-03-21T16:16:50","guid":{"rendered":"https:\/\/ary.eu\/?page_id=9354"},"modified":"2025-04-05T18:56:36","modified_gmt":"2025-04-05T16:56:36","slug":"sebastien02","status":"publish","type":"page","link":"https:\/\/ary.eu\/index.php\/sebastien02\/","title":{"rendered":"sebastien02"},"content":{"rendered":"\t\t<div data-elementor-type=\"wp-page\" data-elementor-id=\"9354\" class=\"elementor elementor-9354\" data-elementor-post-type=\"page\">\n\t\t\t\t<div class=\"elementor-element elementor-element-7906d96 e-flex e-con-boxed e-con e-parent\" data-id=\"7906d96\" data-element_type=\"container\">\n\t\t\t\t\t<div class=\"e-con-inner\">\n\t\t<div class=\"elementor-element elementor-element-46867e1 e-con-full e-flex e-con e-child\" data-id=\"46867e1\" data-element_type=\"container\">\n\t\t\t\t<div class=\"elementor-element elementor-element-7c64273 elementor-widget elementor-widget-link-in-bio-var-4\" data-id=\"7c64273\" data-element_type=\"widget\" data-widget_type=\"link-in-bio-var-4.default\">\n\t\t\t\t<div class=\"elementor-widget-container\">\n\t\t\t\t\t\t\t<div class=\"e-link-in-bio e-link-in-bio-var-4\">\n\t\t\t<div class=\"e-link-in-bio__content\">\n\n\t\t\t\t\t\t<div class=\"e-link-in-bio__identity\">\n\t\t\t\t\t\t\t\t\t<div class=\"e-link-in-bio__identity-image e-link-in-bio__identity-image-profile has-style-circle\">\n\t\t\t\t\t\t\t<img fetchpriority=\"high\" decoding=\"async\" width=\"300\" height=\"200\" src=\"https:\/\/ary.eu\/wp-content\/uploads\/2025\/04\/fashion-links-box-300x200.jpg\" class=\"e-link-in-bio__identity-image-element\" alt=\"\" srcset=\"https:\/\/ary.eu\/wp-content\/uploads\/2025\/04\/fashion-links-box-300x200.jpg 300w, https:\/\/ary.eu\/wp-content\/uploads\/2025\/04\/fashion-links-box-768x511.jpg 768w, https:\/\/ary.eu\/wp-content\/uploads\/2025\/04\/fashion-links-box-600x399.jpg 600w, https:\/\/ary.eu\/wp-content\/uploads\/2025\/04\/fashion-links-box.jpg 800w\" sizes=\"(max-width: 300px) 100vw, 300px\" \/>\t\t\t\t\t\t\t\t\t\t\t\t\t<\/div>\n\t\t\t\t\t\t\t<\/div>\n\t\t\t\t\t<div class=\"e-link-in-bio__bio\">\n\t\t\t\t<div class=\"e-link-in-bio__heading\">Selelight<\/div>\t\t\t\t<h6 class=\"e-link-in-bio__title\">Destressant et apaisant, Selelight vous accompagne pour un soin \u00e9nerg\u00e9tique\nInstallez-vous, allumez votre Selelight puis cliquer sur le soin de votre choix. \n<\/h6>\t\t\t\t\t\t\t\t<p class=\"e-link-in-bio__description\">Bon voyage <\/p>\t\t\t<\/div>\n\t\t\t\n\t\t<div class=\"e-link-in-bio__ctas has-type-button\">\n\t\t\t\t\t\t\t<a href=\"https:\/\/ary.eu\/wp-content\/uploads\/2025\/04\/tambour-de-locean-45-cm.mp3\" target=\"_blank\" rel=\"noopener \" class=\"e-link-in-bio__cta is-type-button has-corners-rounded\">\n\t\t\t\t\t\t\t\t\t\t<span class=\"e-link-in-bio__cta-text\">\n\t\t\t\t\t\tSoin Tambour de l&#039;Oc\u00e9an\t\t\t\t\t<\/span>\n\t\t\t\t<\/a>\n\t\t\t\t\t\t\t<a href=\"https:\/\/ary.eu\/wp-content\/uploads\/2025\/04\/arbre-de-pluie-9-minutes.mp3\" target=\"_blank\" rel=\"noopener \" class=\"e-link-in-bio__cta is-type-button has-corners-rounded\">\n\t\t\t\t\t\t\t\t\t\t<span class=\"e-link-in-bio__cta-text\">\n\t\t\t\t\t\tSoin Arbre de pluie\t\t\t\t\t<\/span>\n\t\t\t\t<\/a>\n\t\t\t\t\t<\/div>\n\t\t\t\t<div class=\"e-link-in-bio__icons has-size-medium\">\n\t\t\t\t\t\t\t<div class=\"e-link-in-bio__icon is-size-medium\">\n\t\t\t\t\t<a target=\"_blank\" rel=\"noopener \" aria-label=\"Instagram\" class=\"e-link-in-bio__icon-link\" href=\"\">\n\t\t\t\t\t\t<span class=\"e-link-in-bio__icon-svg\">\n\t\t\t\t\t\t\t<i aria-hidden=\"true\" class=\"fab fa-instagram\"><\/i>\t\t\t\t\t\t<\/span>\n\t\t\t\t\t\t\t\t\t\t\t<\/a>\n\t\t\t\t<\/div>\n\t\t\t\t\t\t\t<div class=\"e-link-in-bio__icon is-size-medium\">\n\t\t\t\t\t<a aria-label=\"Telephone\" class=\"e-link-in-bio__icon-link\" href=\"\">\n\t\t\t\t\t\t<span class=\"e-link-in-bio__icon-svg\">\n\t\t\t\t\t\t\t<i aria-hidden=\"true\" class=\"fas fa-phone-alt\"><\/i>\t\t\t\t\t\t<\/span>\n\t\t\t\t\t\t\t\t\t\t\t<\/a>\n\t\t\t\t<\/div>\n\t\t\t\t\t<\/div>\n\t\t\n\t\t\t<\/div>\n\t\t\t<div class=\"e-link-in-bio__bg\">\n\t\t\t\t<div class=\"e-link-in-bio__bg-overlay\"><\/div>\n\t\t\t<\/div>\n\t\t<\/div>\n\t\t\t\t\t\t<\/div>\n\t\t\t\t<\/div>\n\t\t\t\t<\/div>\n\t\t\t\t\t<\/div>\n\t\t\t\t<\/div>\n\t\t\t\t<\/div>\n\t\t","protected":false},"excerpt":{"rendered":"<p>Selelight Destressant et apaisant, Selelight vous accompagne pour un soin \u00e9nerg\u00e9tique Installez-vous, allumez votre Selelight puis cliquer sur le soin de votre choix. Bon voyage Soin Tambour de l&#039;Oc\u00e9an Soin Arbre de pluie<\/p>\n","protected":false},"author":1,"featured_media":0,"parent":0,"menu_order":0,"comment_status":"closed","ping_status":"closed","template":"elementor_canvas","meta":{"footnotes":""},"class_list":["post-9354","page","type-page","status-publish","hentry"],"yoast_head":"<!-- This site is optimized with the Yoast SEO plugin v26.8 - https:\/\/yoast.com\/product\/yoast-seo-wordpress\/ -->\n<title>sebastien02 - Ary<\/title>\n<meta name=\"robots\" content=\"index, follow, max-snippet:-1, max-image-preview:large, max-video-preview:-1\" \/>\n<link rel=\"canonical\" href=\"https:\/\/ary.eu\/index.php\/sebastien02\/\" \/>\n<meta property=\"og:locale\" content=\"fr_FR\" \/>\n<meta property=\"og:type\" content=\"article\" \/>\n<meta property=\"og:title\" content=\"sebastien02 - Ary\" \/>\n<meta property=\"og:description\" content=\"Selelight Destressant et apaisant, Selelight vous accompagne pour un soin \u00e9nerg\u00e9tique Installez-vous, allumez votre Selelight puis cliquer sur le soin de votre choix. Bon voyage Soin Tambour de l&#039;Oc\u00e9an Soin Arbre de pluie\" \/>\n<meta property=\"og:url\" content=\"https:\/\/ary.eu\/index.php\/sebastien02\/\" \/>\n<meta property=\"og:site_name\" content=\"Ary\" \/>\n<meta property=\"article:modified_time\" content=\"2025-04-05T16:56:36+00:00\" \/>\n<meta property=\"og:image\" content=\"https:\/\/ary.eu\/wp-content\/uploads\/2025\/04\/fashion-links-box-300x200.jpg\" \/>\n<meta name=\"twitter:card\" content=\"summary_large_image\" \/>\n<meta name=\"twitter:label1\" content=\"Dur\u00e9e de lecture estim\u00e9e\" \/>\n\t<meta name=\"twitter:data1\" content=\"1 minute\" \/>\n<script type=\"application\/ld+json\" class=\"yoast-schema-graph\">{\"@context\":\"https:\/\/schema.org\",\"@graph\":[{\"@type\":\"WebPage\",\"@id\":\"https:\/\/ary.eu\/index.php\/sebastien02\/\",\"url\":\"https:\/\/ary.eu\/index.php\/sebastien02\/\",\"name\":\"sebastien02 - Ary\",\"isPartOf\":{\"@id\":\"https:\/\/ary.eu\/#website\"},\"primaryImageOfPage\":{\"@id\":\"https:\/\/ary.eu\/index.php\/sebastien02\/#primaryimage\"},\"image\":{\"@id\":\"https:\/\/ary.eu\/index.php\/sebastien02\/#primaryimage\"},\"thumbnailUrl\":\"https:\/\/ary.eu\/wp-content\/uploads\/2025\/04\/fashion-links-box-300x200.jpg\",\"datePublished\":\"2025-03-21T16:16:50+00:00\",\"dateModified\":\"2025-04-05T16:56:36+00:00\",\"breadcrumb\":{\"@id\":\"https:\/\/ary.eu\/index.php\/sebastien02\/#breadcrumb\"},\"inLanguage\":\"fr-FR\",\"potentialAction\":[{\"@type\":\"ReadAction\",\"target\":[\"https:\/\/ary.eu\/index.php\/sebastien02\/\"]}]},{\"@type\":\"ImageObject\",\"inLanguage\":\"fr-FR\",\"@id\":\"https:\/\/ary.eu\/index.php\/sebastien02\/#primaryimage\",\"url\":\"https:\/\/ary.eu\/wp-content\/uploads\/2025\/04\/fashion-links-box.jpg\",\"contentUrl\":\"https:\/\/ary.eu\/wp-content\/uploads\/2025\/04\/fashion-links-box.jpg\",\"width\":800,\"height\":532},{\"@type\":\"BreadcrumbList\",\"@id\":\"https:\/\/ary.eu\/index.php\/sebastien02\/#breadcrumb\",\"itemListElement\":[{\"@type\":\"ListItem\",\"position\":1,\"name\":\"Accueil\",\"item\":\"https:\/\/ary.eu\/\"},{\"@type\":\"ListItem\",\"position\":2,\"name\":\"sebastien02\"}]},{\"@type\":\"WebSite\",\"@id\":\"https:\/\/ary.eu\/#website\",\"url\":\"https:\/\/ary.eu\/\",\"name\":\"Ary\",\"description\":\"Cr\u00e9ez un lien \u00e9motionnel avec vos clients, partout, \u00e0 tout moment\",\"publisher\":{\"@id\":\"https:\/\/ary.eu\/#organization\"},\"potentialAction\":[{\"@type\":\"SearchAction\",\"target\":{\"@type\":\"EntryPoint\",\"urlTemplate\":\"https:\/\/ary.eu\/?s={search_term_string}\"},\"query-input\":{\"@type\":\"PropertyValueSpecification\",\"valueRequired\":true,\"valueName\":\"search_term_string\"}}],\"inLanguage\":\"fr-FR\"},{\"@type\":\"Organization\",\"@id\":\"https:\/\/ary.eu\/#organization\",\"name\":\"Ary\",\"url\":\"https:\/\/ary.eu\/\",\"logo\":{\"@type\":\"ImageObject\",\"inLanguage\":\"fr-FR\",\"@id\":\"https:\/\/ary.eu\/#\/schema\/logo\/image\/\",\"url\":\"https:\/\/ary.eu\/wp-content\/uploads\/2022\/11\/cropped-icone_o.png\",\"contentUrl\":\"https:\/\/ary.eu\/wp-content\/uploads\/2022\/11\/cropped-icone_o.png\",\"width\":512,\"height\":512,\"caption\":\"Ary\"},\"image\":{\"@id\":\"https:\/\/ary.eu\/#\/schema\/logo\/image\/\"}}]}<\/script>\n<!-- \/ Yoast SEO plugin. -->","yoast_head_json":{"title":"sebastien02 - Ary","robots":{"index":"index","follow":"follow","max-snippet":"max-snippet:-1","max-image-preview":"max-image-preview:large","max-video-preview":"max-video-preview:-1"},"canonical":"https:\/\/ary.eu\/index.php\/sebastien02\/","og_locale":"fr_FR","og_type":"article","og_title":"sebastien02 - Ary","og_description":"Selelight Destressant et apaisant, Selelight vous accompagne pour un soin \u00e9nerg\u00e9tique Installez-vous, allumez votre Selelight puis cliquer sur le soin de votre choix. Bon voyage Soin Tambour de l&#039;Oc\u00e9an Soin Arbre de pluie","og_url":"https:\/\/ary.eu\/index.php\/sebastien02\/","og_site_name":"Ary","article_modified_time":"2025-04-05T16:56:36+00:00","og_image":[{"url":"https:\/\/ary.eu\/wp-content\/uploads\/2025\/04\/fashion-links-box-300x200.jpg","type":"","width":"","height":""}],"twitter_card":"summary_large_image","twitter_misc":{"Dur\u00e9e de lecture estim\u00e9e":"1 minute"},"schema":{"@context":"https:\/\/schema.org","@graph":[{"@type":"WebPage","@id":"https:\/\/ary.eu\/index.php\/sebastien02\/","url":"https:\/\/ary.eu\/index.php\/sebastien02\/","name":"sebastien02 - Ary","isPartOf":{"@id":"https:\/\/ary.eu\/#website"},"primaryImageOfPage":{"@id":"https:\/\/ary.eu\/index.php\/sebastien02\/#primaryimage"},"image":{"@id":"https:\/\/ary.eu\/index.php\/sebastien02\/#primaryimage"},"thumbnailUrl":"https:\/\/ary.eu\/wp-content\/uploads\/2025\/04\/fashion-links-box-300x200.jpg","datePublished":"2025-03-21T16:16:50+00:00","dateModified":"2025-04-05T16:56:36+00:00","breadcrumb":{"@id":"https:\/\/ary.eu\/index.php\/sebastien02\/#breadcrumb"},"inLanguage":"fr-FR","potentialAction":[{"@type":"ReadAction","target":["https:\/\/ary.eu\/index.php\/sebastien02\/"]}]},{"@type":"ImageObject","inLanguage":"fr-FR","@id":"https:\/\/ary.eu\/index.php\/sebastien02\/#primaryimage","url":"https:\/\/ary.eu\/wp-content\/uploads\/2025\/04\/fashion-links-box.jpg","contentUrl":"https:\/\/ary.eu\/wp-content\/uploads\/2025\/04\/fashion-links-box.jpg","width":800,"height":532},{"@type":"BreadcrumbList","@id":"https:\/\/ary.eu\/index.php\/sebastien02\/#breadcrumb","itemListElement":[{"@type":"ListItem","position":1,"name":"Accueil","item":"https:\/\/ary.eu\/"},{"@type":"ListItem","position":2,"name":"sebastien02"}]},{"@type":"WebSite","@id":"https:\/\/ary.eu\/#website","url":"https:\/\/ary.eu\/","name":"Ary","description":"Cr\u00e9ez un lien \u00e9motionnel avec vos clients, partout, \u00e0 tout moment","publisher":{"@id":"https:\/\/ary.eu\/#organization"},"potentialAction":[{"@type":"SearchAction","target":{"@type":"EntryPoint","urlTemplate":"https:\/\/ary.eu\/?s={search_term_string}"},"query-input":{"@type":"PropertyValueSpecification","valueRequired":true,"valueName":"search_term_string"}}],"inLanguage":"fr-FR"},{"@type":"Organization","@id":"https:\/\/ary.eu\/#organization","name":"Ary","url":"https:\/\/ary.eu\/","logo":{"@type":"ImageObject","inLanguage":"fr-FR","@id":"https:\/\/ary.eu\/#\/schema\/logo\/image\/","url":"https:\/\/ary.eu\/wp-content\/uploads\/2022\/11\/cropped-icone_o.png","contentUrl":"https:\/\/ary.eu\/wp-content\/uploads\/2022\/11\/cropped-icone_o.png","width":512,"height":512,"caption":"Ary"},"image":{"@id":"https:\/\/ary.eu\/#\/schema\/logo\/image\/"}}]}},"_links":{"self":[{"href":"https:\/\/ary.eu\/index.php\/wp-json\/wp\/v2\/pages\/9354","targetHints":{"allow":["GET"]}}],"collection":[{"href":"https:\/\/ary.eu\/index.php\/wp-json\/wp\/v2\/pages"}],"about":[{"href":"https:\/\/ary.eu\/index.php\/wp-json\/wp\/v2\/types\/page"}],"author":[{"embeddable":true,"href":"https:\/\/ary.eu\/index.php\/wp-json\/wp\/v2\/users\/1"}],"replies":[{"embeddable":true,"href":"https:\/\/ary.eu\/index.php\/wp-json\/wp\/v2\/comments?post=9354"}],"version-history":[{"count":10,"href":"https:\/\/ary.eu\/index.php\/wp-json\/wp\/v2\/pages\/9354\/revisions"}],"predecessor-version":[{"id":9965,"href":"https:\/\/ary.eu\/index.php\/wp-json\/wp\/v2\/pages\/9354\/revisions\/9965"}],"wp:attachment":[{"href":"https:\/\/ary.eu\/index.php\/wp-json\/wp\/v2\/media?parent=9354"}],"curies":[{"name":"wp","href":"https:\/\/api.w.org\/{rel}","templated":true}]}}