{"id":9434,"date":"2025-03-23T09:52:39","date_gmt":"2025-03-23T08:52:39","guid":{"rendered":"https:\/\/ary.eu\/?page_id=9434"},"modified":"2025-03-24T17:43:45","modified_gmt":"2025-03-24T16:43:45","slug":"boiselis-furniture","status":"publish","type":"page","link":"https:\/\/ary.eu\/index.php\/boiselis-furniture\/","title":{"rendered":"Boiselis-Furniture"},"content":{"rendered":"\t\t<div data-elementor-type=\"wp-page\" data-elementor-id=\"9434\" class=\"elementor elementor-9434\" data-elementor-post-type=\"page\">\n\t\t\t\t<div class=\"elementor-element elementor-element-26ee684 e-flex e-con-boxed e-con e-parent\" data-id=\"26ee684\" data-element_type=\"container\">\n\t\t\t\t\t<div class=\"e-con-inner\">\n\t\t<div class=\"elementor-element elementor-element-42f6d9a e-con-full e-flex e-con e-child\" data-id=\"42f6d9a\" data-element_type=\"container\">\n\t\t<div class=\"elementor-element elementor-element-1c4dd92 e-con-full e-flex e-con e-child\" data-id=\"1c4dd92\" data-element_type=\"container\">\n\t\t\t\t<div class=\"elementor-element elementor-element-7acc96f elementor-widget elementor-widget-spacer\" data-id=\"7acc96f\" data-element_type=\"widget\" data-widget_type=\"spacer.default\">\n\t\t\t\t<div class=\"elementor-widget-container\">\n\t\t\t\t\t\t\t<div class=\"elementor-spacer\">\n\t\t\t<div class=\"elementor-spacer-inner\"><\/div>\n\t\t<\/div>\n\t\t\t\t\t\t<\/div>\n\t\t\t\t<\/div>\n\t\t\t\t<div class=\"elementor-element elementor-element-cf095a5 elementor-widget elementor-widget-link-in-bio\" data-id=\"cf095a5\" data-element_type=\"widget\" data-widget_type=\"link-in-bio.default\">\n\t\t\t\t<div class=\"elementor-widget-container\">\n\t\t\t\t\t\t\t<div class=\"e-link-in-bio e-link-in-bio\">\n\t\t\t<div class=\"e-link-in-bio__content\">\n\n\t\t\t\t\t\t<div class=\"e-link-in-bio__identity\">\n\t\t\t\t\t\t\t\t\t<div class=\"e-link-in-bio__identity-image e-link-in-bio__identity-image-profile has-border has-style-circle\">\n\t\t\t\t\t\t\t<img fetchpriority=\"high\" decoding=\"async\" width=\"280\" height=\"220\" src=\"https:\/\/ary.eu\/wp-content\/uploads\/2025\/03\/Capture-decran-2025-03-23-a-10.02.47.png\" class=\"e-link-in-bio__identity-image-element\" alt=\"\" \/>\t\t\t\t\t\t\t\t\t\t\t\t\t<\/div>\n\t\t\t\t\t\t\t<\/div>\n\t\t\t\t\t<div class=\"e-link-in-bio__bio\">\n\t\t\t\t<h2 class=\"e-link-in-bio__heading\">Boiselis<\/h2>\t\t\t\t<h3 class=\"e-link-in-bio__title\">Mobilier<\/h3>\t\t\t\t\t\t\t\t\t\t\t<\/div>\n\t\t\t\t\t<div class=\"e-link-in-bio__icons has-size-medium\">\n\t\t\t\t\t\t\t<div class=\"e-link-in-bio__icon is-size-medium\">\n\t\t\t\t\t<a href=\"https:\/\/www.instagram.com\/mary_card.fr?igsh=MTUyYnQ2anJvcmUzMw==\" target=\"_blank\" rel=\"noopener \" aria-label=\"Instagram\" class=\"e-link-in-bio__icon-link\">\n\t\t\t\t\t\t<span class=\"e-link-in-bio__icon-svg\">\n\t\t\t\t\t\t\t<i aria-hidden=\"true\" class=\"fab fa-instagram\"><\/i>\t\t\t\t\t\t<\/span>\n\t\t\t\t\t\t\t\t\t\t\t<\/a>\n\t\t\t\t<\/div>\n\t\t\t\t\t\t\t<div class=\"e-link-in-bio__icon is-size-medium\">\n\t\t\t\t\t<a aria-label=\"WhatsApp\" class=\"e-link-in-bio__icon-link\" href=\"https:\/\/wa.me\/https:\/\/api.whatsapp.com\/send?phone=31657078519&#038;text=Welcome!%20Press%20send%20to%20start%20your%20conversation&#038;utm_campaign=alwayson&#038;utm_content=paid&#038;lang=en\">\n\t\t\t\t\t\t<span class=\"e-link-in-bio__icon-svg\">\n\t\t\t\t\t\t\t<i aria-hidden=\"true\" class=\"fab fa-whatsapp\"><\/i>\t\t\t\t\t\t<\/span>\n\t\t\t\t\t\t\t\t\t\t\t<\/a>\n\t\t\t\t<\/div>\n\t\t\t\t\t\t\t<div class=\"e-link-in-bio__icon is-size-medium\">\n\t\t\t\t\t<a aria-label=\"Email\" class=\"e-link-in-bio__icon-link\" href=\"mailto:support@ary.eu?subject=Questions%20sur%20la%20marque\">\n\t\t\t\t\t\t<span class=\"e-link-in-bio__icon-svg\">\n\t\t\t\t\t\t\t<i aria-hidden=\"true\" class=\"fas fa-envelope\"><\/i>\t\t\t\t\t\t<\/span>\n\t\t\t\t\t\t\t\t\t\t\t<\/a>\n\t\t\t\t<\/div>\n\t\t\t\t\t<\/div>\n\t\t\n\t\t<div class=\"e-link-in-bio__ctas has-type-button\">\n\t\t\t\t\t\t\t<a href=\"https:\/\/ary.eu\/wp-content\/uploads\/2025\/03\/TechForRetail-300-x-600-px-7.pdf\" class=\"e-link-in-bio__cta is-type-button has-corners-rounded\">\n\t\t\t\t\t\t\t\t\t\t<span class=\"e-link-in-bio__cta-text\">\n\t\t\t\t\t\tD\u00e9tail produit\t\t\t\t\t<\/span>\n\t\t\t\t<\/a>\n\t\t\t\t\t\t\t<a href=\"https:\/\/ary.eu\/wp-content\/uploads\/2025\/03\/Mobilier.mp4\" target=\"_blank\" rel=\"noopener \" class=\"e-link-in-bio__cta is-type-button has-corners-rounded\">\n\t\t\t\t\t\t\t\t\t\t<span class=\"e-link-in-bio__cta-text\">\n\t\t\t\t\t\tVideo de pr\u00e9sentation\t\t\t\t\t<\/span>\n\t\t\t\t<\/a>\n\t\t\t\t\t\t\t<a href=\"https:\/\/ary.eu\/collection?userId=9ce3025a-f334-41f9-a743-08dd66c2b3be\" target=\"_blank\" rel=\"noopener \" class=\"e-link-in-bio__cta is-type-button has-corners-rounded\">\n\t\t\t\t\t\t\t\t\t\t<span class=\"e-link-in-bio__cta-text\">\n\t\t\t\t\t\tCollection Boiselis dans Ary\t\t\t\t\t<\/span>\n\t\t\t\t<\/a>\n\t\t\t\t\t<\/div>\n\t\t\n\t\t\t<\/div>\n\t\t\t<div class=\"e-link-in-bio__bg\">\n\t\t\t\t<div class=\"e-link-in-bio__bg-overlay\"><\/div>\n\t\t\t<\/div>\n\t\t<\/div>\n\t\t\t\t\t\t<\/div>\n\t\t\t\t<\/div>\n\t\t\t\t<\/div>\n\t\t\t\t<\/div>\n\t\t\t\t\t<\/div>\n\t\t\t\t<\/div>\n\t\t\t\t<\/div>\n\t\t","protected":false},"excerpt":{"rendered":"<p>Boiselis Mobilier D\u00e9tail produit Video de pr\u00e9sentation Collection Boiselis dans Ary<\/p>\n","protected":false},"author":1,"featured_media":0,"parent":0,"menu_order":0,"comment_status":"closed","ping_status":"closed","template":"elementor_canvas","meta":{"footnotes":""},"class_list":["post-9434","page","type-page","status-publish","hentry"],"yoast_head":"<!-- This site is optimized with the Yoast SEO plugin v26.8 - https:\/\/yoast.com\/product\/yoast-seo-wordpress\/ -->\n<title>Boiselis-Furniture - Ary<\/title>\n<meta name=\"robots\" content=\"index, follow, max-snippet:-1, max-image-preview:large, max-video-preview:-1\" \/>\n<link rel=\"canonical\" href=\"https:\/\/ary.eu\/index.php\/boiselis-furniture\/\" \/>\n<meta property=\"og:locale\" content=\"fr_FR\" \/>\n<meta property=\"og:type\" content=\"article\" \/>\n<meta property=\"og:title\" content=\"Boiselis-Furniture - Ary\" \/>\n<meta property=\"og:description\" content=\"Boiselis Mobilier D\u00e9tail produit Video de pr\u00e9sentation Collection Boiselis dans Ary\" \/>\n<meta property=\"og:url\" content=\"https:\/\/ary.eu\/index.php\/boiselis-furniture\/\" \/>\n<meta property=\"og:site_name\" content=\"Ary\" \/>\n<meta property=\"article:modified_time\" content=\"2025-03-24T16:43:45+00:00\" \/>\n<meta property=\"og:image\" content=\"https:\/\/ary.eu\/wp-content\/uploads\/2025\/03\/Capture-decran-2025-03-23-a-10.02.47.png\" \/>\n<meta name=\"twitter:card\" content=\"summary_large_image\" \/>\n<script type=\"application\/ld+json\" class=\"yoast-schema-graph\">{\"@context\":\"https:\/\/schema.org\",\"@graph\":[{\"@type\":\"WebPage\",\"@id\":\"https:\/\/ary.eu\/index.php\/boiselis-furniture\/\",\"url\":\"https:\/\/ary.eu\/index.php\/boiselis-furniture\/\",\"name\":\"Boiselis-Furniture - Ary\",\"isPartOf\":{\"@id\":\"https:\/\/ary.eu\/#website\"},\"primaryImageOfPage\":{\"@id\":\"https:\/\/ary.eu\/index.php\/boiselis-furniture\/#primaryimage\"},\"image\":{\"@id\":\"https:\/\/ary.eu\/index.php\/boiselis-furniture\/#primaryimage\"},\"thumbnailUrl\":\"https:\/\/ary.eu\/wp-content\/uploads\/2025\/03\/Capture-decran-2025-03-23-a-10.02.47.png\",\"datePublished\":\"2025-03-23T08:52:39+00:00\",\"dateModified\":\"2025-03-24T16:43:45+00:00\",\"breadcrumb\":{\"@id\":\"https:\/\/ary.eu\/index.php\/boiselis-furniture\/#breadcrumb\"},\"inLanguage\":\"fr-FR\",\"potentialAction\":[{\"@type\":\"ReadAction\",\"target\":[\"https:\/\/ary.eu\/index.php\/boiselis-furniture\/\"]}]},{\"@type\":\"ImageObject\",\"inLanguage\":\"fr-FR\",\"@id\":\"https:\/\/ary.eu\/index.php\/boiselis-furniture\/#primaryimage\",\"url\":\"https:\/\/ary.eu\/wp-content\/uploads\/2025\/03\/Capture-decran-2025-03-23-a-10.02.47.png\",\"contentUrl\":\"https:\/\/ary.eu\/wp-content\/uploads\/2025\/03\/Capture-decran-2025-03-23-a-10.02.47.png\",\"width\":280,\"height\":220},{\"@type\":\"BreadcrumbList\",\"@id\":\"https:\/\/ary.eu\/index.php\/boiselis-furniture\/#breadcrumb\",\"itemListElement\":[{\"@type\":\"ListItem\",\"position\":1,\"name\":\"Accueil\",\"item\":\"https:\/\/ary.eu\/\"},{\"@type\":\"ListItem\",\"position\":2,\"name\":\"Boiselis-Furniture\"}]},{\"@type\":\"WebSite\",\"@id\":\"https:\/\/ary.eu\/#website\",\"url\":\"https:\/\/ary.eu\/\",\"name\":\"Ary\",\"description\":\"Cr\u00e9ez un lien \u00e9motionnel avec vos clients, partout, \u00e0 tout moment\",\"publisher\":{\"@id\":\"https:\/\/ary.eu\/#organization\"},\"potentialAction\":[{\"@type\":\"SearchAction\",\"target\":{\"@type\":\"EntryPoint\",\"urlTemplate\":\"https:\/\/ary.eu\/?s={search_term_string}\"},\"query-input\":{\"@type\":\"PropertyValueSpecification\",\"valueRequired\":true,\"valueName\":\"search_term_string\"}}],\"inLanguage\":\"fr-FR\"},{\"@type\":\"Organization\",\"@id\":\"https:\/\/ary.eu\/#organization\",\"name\":\"Ary\",\"url\":\"https:\/\/ary.eu\/\",\"logo\":{\"@type\":\"ImageObject\",\"inLanguage\":\"fr-FR\",\"@id\":\"https:\/\/ary.eu\/#\/schema\/logo\/image\/\",\"url\":\"https:\/\/ary.eu\/wp-content\/uploads\/2022\/11\/cropped-icone_o.png\",\"contentUrl\":\"https:\/\/ary.eu\/wp-content\/uploads\/2022\/11\/cropped-icone_o.png\",\"width\":512,\"height\":512,\"caption\":\"Ary\"},\"image\":{\"@id\":\"https:\/\/ary.eu\/#\/schema\/logo\/image\/\"}}]}<\/script>\n<!-- \/ Yoast SEO plugin. -->","yoast_head_json":{"title":"Boiselis-Furniture - Ary","robots":{"index":"index","follow":"follow","max-snippet":"max-snippet:-1","max-image-preview":"max-image-preview:large","max-video-preview":"max-video-preview:-1"},"canonical":"https:\/\/ary.eu\/index.php\/boiselis-furniture\/","og_locale":"fr_FR","og_type":"article","og_title":"Boiselis-Furniture - Ary","og_description":"Boiselis Mobilier D\u00e9tail produit Video de pr\u00e9sentation Collection Boiselis dans Ary","og_url":"https:\/\/ary.eu\/index.php\/boiselis-furniture\/","og_site_name":"Ary","article_modified_time":"2025-03-24T16:43:45+00:00","og_image":[{"url":"https:\/\/ary.eu\/wp-content\/uploads\/2025\/03\/Capture-decran-2025-03-23-a-10.02.47.png","type":"","width":"","height":""}],"twitter_card":"summary_large_image","schema":{"@context":"https:\/\/schema.org","@graph":[{"@type":"WebPage","@id":"https:\/\/ary.eu\/index.php\/boiselis-furniture\/","url":"https:\/\/ary.eu\/index.php\/boiselis-furniture\/","name":"Boiselis-Furniture - Ary","isPartOf":{"@id":"https:\/\/ary.eu\/#website"},"primaryImageOfPage":{"@id":"https:\/\/ary.eu\/index.php\/boiselis-furniture\/#primaryimage"},"image":{"@id":"https:\/\/ary.eu\/index.php\/boiselis-furniture\/#primaryimage"},"thumbnailUrl":"https:\/\/ary.eu\/wp-content\/uploads\/2025\/03\/Capture-decran-2025-03-23-a-10.02.47.png","datePublished":"2025-03-23T08:52:39+00:00","dateModified":"2025-03-24T16:43:45+00:00","breadcrumb":{"@id":"https:\/\/ary.eu\/index.php\/boiselis-furniture\/#breadcrumb"},"inLanguage":"fr-FR","potentialAction":[{"@type":"ReadAction","target":["https:\/\/ary.eu\/index.php\/boiselis-furniture\/"]}]},{"@type":"ImageObject","inLanguage":"fr-FR","@id":"https:\/\/ary.eu\/index.php\/boiselis-furniture\/#primaryimage","url":"https:\/\/ary.eu\/wp-content\/uploads\/2025\/03\/Capture-decran-2025-03-23-a-10.02.47.png","contentUrl":"https:\/\/ary.eu\/wp-content\/uploads\/2025\/03\/Capture-decran-2025-03-23-a-10.02.47.png","width":280,"height":220},{"@type":"BreadcrumbList","@id":"https:\/\/ary.eu\/index.php\/boiselis-furniture\/#breadcrumb","itemListElement":[{"@type":"ListItem","position":1,"name":"Accueil","item":"https:\/\/ary.eu\/"},{"@type":"ListItem","position":2,"name":"Boiselis-Furniture"}]},{"@type":"WebSite","@id":"https:\/\/ary.eu\/#website","url":"https:\/\/ary.eu\/","name":"Ary","description":"Cr\u00e9ez un lien \u00e9motionnel avec vos clients, partout, \u00e0 tout moment","publisher":{"@id":"https:\/\/ary.eu\/#organization"},"potentialAction":[{"@type":"SearchAction","target":{"@type":"EntryPoint","urlTemplate":"https:\/\/ary.eu\/?s={search_term_string}"},"query-input":{"@type":"PropertyValueSpecification","valueRequired":true,"valueName":"search_term_string"}}],"inLanguage":"fr-FR"},{"@type":"Organization","@id":"https:\/\/ary.eu\/#organization","name":"Ary","url":"https:\/\/ary.eu\/","logo":{"@type":"ImageObject","inLanguage":"fr-FR","@id":"https:\/\/ary.eu\/#\/schema\/logo\/image\/","url":"https:\/\/ary.eu\/wp-content\/uploads\/2022\/11\/cropped-icone_o.png","contentUrl":"https:\/\/ary.eu\/wp-content\/uploads\/2022\/11\/cropped-icone_o.png","width":512,"height":512,"caption":"Ary"},"image":{"@id":"https:\/\/ary.eu\/#\/schema\/logo\/image\/"}}]}},"_links":{"self":[{"href":"https:\/\/ary.eu\/index.php\/wp-json\/wp\/v2\/pages\/9434","targetHints":{"allow":["GET"]}}],"collection":[{"href":"https:\/\/ary.eu\/index.php\/wp-json\/wp\/v2\/pages"}],"about":[{"href":"https:\/\/ary.eu\/index.php\/wp-json\/wp\/v2\/types\/page"}],"author":[{"embeddable":true,"href":"https:\/\/ary.eu\/index.php\/wp-json\/wp\/v2\/users\/1"}],"replies":[{"embeddable":true,"href":"https:\/\/ary.eu\/index.php\/wp-json\/wp\/v2\/comments?post=9434"}],"version-history":[{"count":46,"href":"https:\/\/ary.eu\/index.php\/wp-json\/wp\/v2\/pages\/9434\/revisions"}],"predecessor-version":[{"id":9630,"href":"https:\/\/ary.eu\/index.php\/wp-json\/wp\/v2\/pages\/9434\/revisions\/9630"}],"wp:attachment":[{"href":"https:\/\/ary.eu\/index.php\/wp-json\/wp\/v2\/media?parent=9434"}],"curies":[{"name":"wp","href":"https:\/\/api.w.org\/{rel}","templated":true}]}}