{"id":9726,"date":"2025-03-26T10:28:11","date_gmt":"2025-03-26T09:28:11","guid":{"rendered":"https:\/\/ary.eu\/?page_id=9726"},"modified":"2025-11-20T15:01:41","modified_gmt":"2025-11-20T14:01:41","slug":"musxexpo2","status":"publish","type":"page","link":"https:\/\/ary.eu\/index.php\/musxexpo2\/","title":{"rendered":"MusxEXPO2"},"content":{"rendered":"\t\t<div data-elementor-type=\"wp-page\" data-elementor-id=\"9726\" class=\"elementor elementor-9726\" data-elementor-post-type=\"page\">\n\t\t\t\t<div class=\"elementor-element elementor-element-63179a2 e-flex e-con-boxed e-con e-parent\" data-id=\"63179a2\" data-element_type=\"container\">\n\t\t\t\t\t<div class=\"e-con-inner\">\n\t\t\t\t<div class=\"elementor-element elementor-element-d57b1b5 elementor-widget elementor-widget-link-in-bio\" data-id=\"d57b1b5\" data-element_type=\"widget\" data-widget_type=\"link-in-bio.default\">\n\t\t\t\t<div class=\"elementor-widget-container\">\n\t\t\t\t\t\t\t<div class=\"e-link-in-bio e-link-in-bio\">\n\t\t\t<div class=\"e-link-in-bio__content\">\n\n\t\t\t\t\t\t<div class=\"e-link-in-bio__identity\">\n\t\t\t\t\t\t\t\t\t<div class=\"e-link-in-bio__identity-image e-link-in-bio__identity-image-profile has-border has-style-circle\">\n\t\t\t\t\t\t\t<img fetchpriority=\"high\" decoding=\"async\" width=\"209\" height=\"300\" src=\"https:\/\/ary.eu\/wp-content\/uploads\/2025\/03\/Capture-decran-2025-03-24-a-21.45.10-209x300.png\" class=\"e-link-in-bio__identity-image-element\" alt=\"\" srcset=\"https:\/\/ary.eu\/wp-content\/uploads\/2025\/03\/Capture-decran-2025-03-24-a-21.45.10-209x300.png 209w, https:\/\/ary.eu\/wp-content\/uploads\/2025\/03\/Capture-decran-2025-03-24-a-21.45.10-391x560.png 391w, https:\/\/ary.eu\/wp-content\/uploads\/2025\/03\/Capture-decran-2025-03-24-a-21.45.10.png 592w\" sizes=\"(max-width: 209px) 100vw, 209px\" \/>\t\t\t\t\t\t\t\t\t\t\t\t\t<\/div>\n\t\t\t\t\t\t\t<\/div>\n\t\t\t\t\t<div class=\"e-link-in-bio__bio\">\n\t\t\t\t<h2 class=\"e-link-in-bio__heading\">MusX<\/h2>\t\t\t\t<h3 class=\"e-link-in-bio__title\">D\u00e9couvir le mus\u00e9e autrement <\/h3>\t\t\t\t\t\t\t\t\t\t\t<\/div>\n\t\t\t\t\t<div class=\"e-link-in-bio__icons has-size-medium\">\n\t\t\t\t\t\t\t<div class=\"e-link-in-bio__icon is-size-medium\">\n\t\t\t\t\t<a href=\"https:\/\/www.instagram.com\/mary_card.fr?igsh=MTUyYnQ2anJvcmUzMw==\" target=\"_blank\" rel=\"noopener \" aria-label=\"Instagram\" class=\"e-link-in-bio__icon-link\">\n\t\t\t\t\t\t<span class=\"e-link-in-bio__icon-svg\">\n\t\t\t\t\t\t\t<i aria-hidden=\"true\" class=\"fab fa-instagram\"><\/i>\t\t\t\t\t\t<\/span>\n\t\t\t\t\t\t\t\t\t\t\t<\/a>\n\t\t\t\t<\/div>\n\t\t\t\t\t\t\t<div class=\"e-link-in-bio__icon is-size-medium\">\n\t\t\t\t\t<a aria-label=\"Email\" class=\"e-link-in-bio__icon-link\" href=\"mailto:support@ary.eu?subject=Questions%20sur%20le%20musX\">\n\t\t\t\t\t\t<span class=\"e-link-in-bio__icon-svg\">\n\t\t\t\t\t\t\t<i aria-hidden=\"true\" class=\"fas fa-envelope\"><\/i>\t\t\t\t\t\t<\/span>\n\t\t\t\t\t\t\t\t\t\t\t<\/a>\n\t\t\t\t<\/div>\n\t\t\t\t\t<\/div>\n\t\t\n\t\t<div class=\"e-link-in-bio__ctas has-type-button\">\n\t\t\t\t\t\t\t<a href=\"https:\/\/ary.eu\/wp-content\/uploads\/2025\/03\/videoMusee.mp4\" class=\"e-link-in-bio__cta is-type-button has-corners-rounded\">\n\t\t\t\t\t\t\t\t\t\t<span class=\"e-link-in-bio__cta-text\">\n\t\t\t\t\t\tVid\u00e9o \t\t\t\t\t<\/span>\n\t\t\t\t<\/a>\n\t\t\t\t\t\t\t<a href=\"https:\/\/app.ary.eu\/fr\/users\/31c234e6-39f9-4e84-a748-08dd66c2b3be\" target=\"_blank\" rel=\"noopener \" class=\"e-link-in-bio__cta is-type-button has-corners-rounded\">\n\t\t\t\t\t\t\t\t\t\t<span class=\"e-link-in-bio__cta-text\">\n\t\t\t\t\t\tD\u00e9couvrir en R\u00e9alit\u00e9 Augment\u00e9e\t\t\t\t\t<\/span>\n\t\t\t\t<\/a>\n\t\t\t\t\t\t\t<a href=\"https:\/\/ary.eu\/wp-content\/uploads\/2025\/03\/PDFMUSEE.pdf\" class=\"e-link-in-bio__cta is-type-button has-corners-rounded\">\n\t\t\t\t\t\t\t\t\t\t<span class=\"e-link-in-bio__cta-text\">\n\t\t\t\t\t\tLe Mus\u00e9e\t\t\t\t\t<\/span>\n\t\t\t\t<\/a>\n\t\t\t\t\t<\/div>\n\t\t\n\t\t\t<\/div>\n\t\t\t<div class=\"e-link-in-bio__bg\">\n\t\t\t\t<div class=\"e-link-in-bio__bg-overlay\"><\/div>\n\t\t\t<\/div>\n\t\t<\/div>\n\t\t\t\t\t\t<\/div>\n\t\t\t\t<\/div>\n\t\t\t\t<div class=\"elementor-element elementor-element-2439c4a elementor-widget elementor-widget-html\" data-id=\"2439c4a\" data-element_type=\"widget\" data-widget_type=\"html.default\">\n\t\t\t\t<div class=\"elementor-widget-container\">\n\t\t\t\t\t<iframe src=\"https:\/\/embed.api.video\/vod\/viJmHXt2J6h5DgNKyW9KKIs\" width=\"100%\" height=\"100%\" frameborder=\"0\" scrolling=\"no\" allowfullscreen=\"true\"><\/iframe>\t\t\t\t<\/div>\n\t\t\t\t<\/div>\n\t\t\t\t\t<\/div>\n\t\t\t\t<\/div>\n\t\t\t\t<\/div>\n\t\t","protected":false},"excerpt":{"rendered":"<p>MusX D\u00e9couvir le mus\u00e9e autrement Vid\u00e9o D\u00e9couvrir en R\u00e9alit\u00e9 Augment\u00e9e Le Mus\u00e9e<\/p>\n","protected":false},"author":1,"featured_media":0,"parent":0,"menu_order":0,"comment_status":"closed","ping_status":"closed","template":"elementor_canvas","meta":{"footnotes":""},"class_list":["post-9726","page","type-page","status-publish","hentry"],"yoast_head":"<!-- This site is optimized with the Yoast SEO plugin v26.8 - https:\/\/yoast.com\/product\/yoast-seo-wordpress\/ -->\n<title>MusxEXPO2 - Ary<\/title>\n<meta name=\"robots\" content=\"index, follow, max-snippet:-1, max-image-preview:large, max-video-preview:-1\" \/>\n<link rel=\"canonical\" href=\"https:\/\/ary.eu\/index.php\/musxexpo2\/\" \/>\n<meta property=\"og:locale\" content=\"fr_FR\" \/>\n<meta property=\"og:type\" content=\"article\" \/>\n<meta property=\"og:title\" content=\"MusxEXPO2 - Ary\" \/>\n<meta property=\"og:description\" content=\"MusX D\u00e9couvir le mus\u00e9e autrement Vid\u00e9o D\u00e9couvrir en R\u00e9alit\u00e9 Augment\u00e9e Le Mus\u00e9e\" \/>\n<meta property=\"og:url\" content=\"https:\/\/ary.eu\/index.php\/musxexpo2\/\" \/>\n<meta property=\"og:site_name\" content=\"Ary\" \/>\n<meta property=\"article:modified_time\" content=\"2025-11-20T14:01:41+00:00\" \/>\n<meta property=\"og:image\" content=\"https:\/\/ary.eu\/wp-content\/uploads\/2025\/03\/Capture-decran-2025-03-24-a-21.45.10-209x300.png\" \/>\n<meta name=\"twitter:card\" content=\"summary_large_image\" \/>\n<meta name=\"twitter:label1\" content=\"Dur\u00e9e de lecture estim\u00e9e\" \/>\n\t<meta name=\"twitter:data1\" content=\"1 minute\" \/>\n<script type=\"application\/ld+json\" class=\"yoast-schema-graph\">{\"@context\":\"https:\/\/schema.org\",\"@graph\":[{\"@type\":\"WebPage\",\"@id\":\"https:\/\/ary.eu\/index.php\/musxexpo2\/\",\"url\":\"https:\/\/ary.eu\/index.php\/musxexpo2\/\",\"name\":\"MusxEXPO2 - Ary\",\"isPartOf\":{\"@id\":\"https:\/\/ary.eu\/#website\"},\"primaryImageOfPage\":{\"@id\":\"https:\/\/ary.eu\/index.php\/musxexpo2\/#primaryimage\"},\"image\":{\"@id\":\"https:\/\/ary.eu\/index.php\/musxexpo2\/#primaryimage\"},\"thumbnailUrl\":\"https:\/\/ary.eu\/wp-content\/uploads\/2025\/03\/Capture-decran-2025-03-24-a-21.45.10-209x300.png\",\"datePublished\":\"2025-03-26T09:28:11+00:00\",\"dateModified\":\"2025-11-20T14:01:41+00:00\",\"breadcrumb\":{\"@id\":\"https:\/\/ary.eu\/index.php\/musxexpo2\/#breadcrumb\"},\"inLanguage\":\"fr-FR\",\"potentialAction\":[{\"@type\":\"ReadAction\",\"target\":[\"https:\/\/ary.eu\/index.php\/musxexpo2\/\"]}]},{\"@type\":\"ImageObject\",\"inLanguage\":\"fr-FR\",\"@id\":\"https:\/\/ary.eu\/index.php\/musxexpo2\/#primaryimage\",\"url\":\"https:\/\/ary.eu\/wp-content\/uploads\/2025\/03\/Capture-decran-2025-03-24-a-21.45.10.png\",\"contentUrl\":\"https:\/\/ary.eu\/wp-content\/uploads\/2025\/03\/Capture-decran-2025-03-24-a-21.45.10.png\",\"width\":592,\"height\":848},{\"@type\":\"BreadcrumbList\",\"@id\":\"https:\/\/ary.eu\/index.php\/musxexpo2\/#breadcrumb\",\"itemListElement\":[{\"@type\":\"ListItem\",\"position\":1,\"name\":\"Accueil\",\"item\":\"https:\/\/ary.eu\/\"},{\"@type\":\"ListItem\",\"position\":2,\"name\":\"MusxEXPO2\"}]},{\"@type\":\"WebSite\",\"@id\":\"https:\/\/ary.eu\/#website\",\"url\":\"https:\/\/ary.eu\/\",\"name\":\"Ary\",\"description\":\"Cr\u00e9ez un lien \u00e9motionnel avec vos clients, partout, \u00e0 tout moment\",\"publisher\":{\"@id\":\"https:\/\/ary.eu\/#organization\"},\"potentialAction\":[{\"@type\":\"SearchAction\",\"target\":{\"@type\":\"EntryPoint\",\"urlTemplate\":\"https:\/\/ary.eu\/?s={search_term_string}\"},\"query-input\":{\"@type\":\"PropertyValueSpecification\",\"valueRequired\":true,\"valueName\":\"search_term_string\"}}],\"inLanguage\":\"fr-FR\"},{\"@type\":\"Organization\",\"@id\":\"https:\/\/ary.eu\/#organization\",\"name\":\"Ary\",\"url\":\"https:\/\/ary.eu\/\",\"logo\":{\"@type\":\"ImageObject\",\"inLanguage\":\"fr-FR\",\"@id\":\"https:\/\/ary.eu\/#\/schema\/logo\/image\/\",\"url\":\"https:\/\/ary.eu\/wp-content\/uploads\/2022\/11\/cropped-icone_o.png\",\"contentUrl\":\"https:\/\/ary.eu\/wp-content\/uploads\/2022\/11\/cropped-icone_o.png\",\"width\":512,\"height\":512,\"caption\":\"Ary\"},\"image\":{\"@id\":\"https:\/\/ary.eu\/#\/schema\/logo\/image\/\"}}]}<\/script>\n<!-- \/ Yoast SEO plugin. -->","yoast_head_json":{"title":"MusxEXPO2 - Ary","robots":{"index":"index","follow":"follow","max-snippet":"max-snippet:-1","max-image-preview":"max-image-preview:large","max-video-preview":"max-video-preview:-1"},"canonical":"https:\/\/ary.eu\/index.php\/musxexpo2\/","og_locale":"fr_FR","og_type":"article","og_title":"MusxEXPO2 - Ary","og_description":"MusX D\u00e9couvir le mus\u00e9e autrement Vid\u00e9o D\u00e9couvrir en R\u00e9alit\u00e9 Augment\u00e9e Le Mus\u00e9e","og_url":"https:\/\/ary.eu\/index.php\/musxexpo2\/","og_site_name":"Ary","article_modified_time":"2025-11-20T14:01:41+00:00","og_image":[{"url":"https:\/\/ary.eu\/wp-content\/uploads\/2025\/03\/Capture-decran-2025-03-24-a-21.45.10-209x300.png","type":"","width":"","height":""}],"twitter_card":"summary_large_image","twitter_misc":{"Dur\u00e9e de lecture estim\u00e9e":"1 minute"},"schema":{"@context":"https:\/\/schema.org","@graph":[{"@type":"WebPage","@id":"https:\/\/ary.eu\/index.php\/musxexpo2\/","url":"https:\/\/ary.eu\/index.php\/musxexpo2\/","name":"MusxEXPO2 - Ary","isPartOf":{"@id":"https:\/\/ary.eu\/#website"},"primaryImageOfPage":{"@id":"https:\/\/ary.eu\/index.php\/musxexpo2\/#primaryimage"},"image":{"@id":"https:\/\/ary.eu\/index.php\/musxexpo2\/#primaryimage"},"thumbnailUrl":"https:\/\/ary.eu\/wp-content\/uploads\/2025\/03\/Capture-decran-2025-03-24-a-21.45.10-209x300.png","datePublished":"2025-03-26T09:28:11+00:00","dateModified":"2025-11-20T14:01:41+00:00","breadcrumb":{"@id":"https:\/\/ary.eu\/index.php\/musxexpo2\/#breadcrumb"},"inLanguage":"fr-FR","potentialAction":[{"@type":"ReadAction","target":["https:\/\/ary.eu\/index.php\/musxexpo2\/"]}]},{"@type":"ImageObject","inLanguage":"fr-FR","@id":"https:\/\/ary.eu\/index.php\/musxexpo2\/#primaryimage","url":"https:\/\/ary.eu\/wp-content\/uploads\/2025\/03\/Capture-decran-2025-03-24-a-21.45.10.png","contentUrl":"https:\/\/ary.eu\/wp-content\/uploads\/2025\/03\/Capture-decran-2025-03-24-a-21.45.10.png","width":592,"height":848},{"@type":"BreadcrumbList","@id":"https:\/\/ary.eu\/index.php\/musxexpo2\/#breadcrumb","itemListElement":[{"@type":"ListItem","position":1,"name":"Accueil","item":"https:\/\/ary.eu\/"},{"@type":"ListItem","position":2,"name":"MusxEXPO2"}]},{"@type":"WebSite","@id":"https:\/\/ary.eu\/#website","url":"https:\/\/ary.eu\/","name":"Ary","description":"Cr\u00e9ez un lien \u00e9motionnel avec vos clients, partout, \u00e0 tout moment","publisher":{"@id":"https:\/\/ary.eu\/#organization"},"potentialAction":[{"@type":"SearchAction","target":{"@type":"EntryPoint","urlTemplate":"https:\/\/ary.eu\/?s={search_term_string}"},"query-input":{"@type":"PropertyValueSpecification","valueRequired":true,"valueName":"search_term_string"}}],"inLanguage":"fr-FR"},{"@type":"Organization","@id":"https:\/\/ary.eu\/#organization","name":"Ary","url":"https:\/\/ary.eu\/","logo":{"@type":"ImageObject","inLanguage":"fr-FR","@id":"https:\/\/ary.eu\/#\/schema\/logo\/image\/","url":"https:\/\/ary.eu\/wp-content\/uploads\/2022\/11\/cropped-icone_o.png","contentUrl":"https:\/\/ary.eu\/wp-content\/uploads\/2022\/11\/cropped-icone_o.png","width":512,"height":512,"caption":"Ary"},"image":{"@id":"https:\/\/ary.eu\/#\/schema\/logo\/image\/"}}]}},"_links":{"self":[{"href":"https:\/\/ary.eu\/index.php\/wp-json\/wp\/v2\/pages\/9726","targetHints":{"allow":["GET"]}}],"collection":[{"href":"https:\/\/ary.eu\/index.php\/wp-json\/wp\/v2\/pages"}],"about":[{"href":"https:\/\/ary.eu\/index.php\/wp-json\/wp\/v2\/types\/page"}],"author":[{"embeddable":true,"href":"https:\/\/ary.eu\/index.php\/wp-json\/wp\/v2\/users\/1"}],"replies":[{"embeddable":true,"href":"https:\/\/ary.eu\/index.php\/wp-json\/wp\/v2\/comments?post=9726"}],"version-history":[{"count":10,"href":"https:\/\/ary.eu\/index.php\/wp-json\/wp\/v2\/pages\/9726\/revisions"}],"predecessor-version":[{"id":11775,"href":"https:\/\/ary.eu\/index.php\/wp-json\/wp\/v2\/pages\/9726\/revisions\/11775"}],"wp:attachment":[{"href":"https:\/\/ary.eu\/index.php\/wp-json\/wp\/v2\/media?parent=9726"}],"curies":[{"name":"wp","href":"https:\/\/api.w.org\/{rel}","templated":true}]}}